{"id":1023,"date":"2026-01-23T13:11:57","date_gmt":"2026-01-23T13:11:57","guid":{"rendered":"https:\/\/www.norwaycampers.no\/?page_id=1023"},"modified":"2026-01-23T13:15:56","modified_gmt":"2026-01-23T13:15:56","slug":"preisliste-kautionsubersicht","status":"publish","type":"page","link":"https:\/\/www.norwaycampers.no\/de\/preisliste-kautionsubersicht\/","title":{"rendered":"preis-liste-pfand-\u00fcbersicht"},"content":{"rendered":"<div id=\"pl-1023\"  class=\"panel-layout\" ><div id=\"pg-1023-0\"  class=\"panel-grid panel-no-style\" ><div id=\"pgc-1023-0-0\"  class=\"panel-grid-cell\" ><div id=\"panel-1023-0-0-0\" class=\"so-panel widget widget_text panel-first-child panel-last-child\" data-index=\"0\" >\t\t\t<div class=\"textwidget\"><h2><b>NORWAY CAMPERS - PREISLISTE UND KAUTIONSREGELUNG<\/b><\/h2>\n<h3><b>1. Einlagen und Versicherungstypen<\/b><\/h3>\n<p><span style=\"font-weight: 400;\">Bei der Abholung ist eine Kaution zu hinterlegen, die sich nach der gew\u00e4hlten Versicherungsstufe richtet. Eine zus\u00e4tzliche Reisekaution von 1.000 NOK wird f\u00fcr alle Buchungen erhoben (zur Deckung m\u00f6glicher F\u00e4hr-, Maut- und unbezahlter Parkgeb\u00fchren).<\/span><\/p>\n<p><span style=\"font-weight: 400;\">Die Hauptkaution dient als Sicherheit f\u00fcr eventuelle Sch\u00e4den, die w\u00e4hrend des Mietzeitraums am Fahrzeug entstehen.<\/span><\/p>\n<table>\n<tbody>\n<tr>\n<td><b>Fahrzeugtyp<\/b><\/td>\n<td><b>Versicherungsstufe<\/b><\/td>\n<td><b>Einzahlung (NOK)<\/b><\/td>\n<td><b>+ Reisekaution (NOK)<\/b><\/td>\n<td><b>Insgesamt (NOK)<\/b><\/td>\n<td><b>Haftung f\u00fcr Dachsch\u00e4den<\/b><\/td>\n<\/tr>\n<tr>\n<td><b>Wohnmobile<\/b><\/td>\n<td><span style=\"font-weight: 400;\">BASIC LEBENSLAUF<\/span><\/td>\n<td><span style=\"font-weight: 400;\">20,000<\/span><\/td>\n<td><span style=\"font-weight: 400;\">1,000<\/span><\/td>\n<td><span style=\"font-weight: 400;\">21,000<\/span><\/td>\n<td><span style=\"font-weight: 400;\">200,000<\/span><\/td>\n<\/tr>\n<tr>\n<td><\/td>\n<td><span style=\"font-weight: 400;\">PLUS LEBENSLAUF<\/span><\/td>\n<td><span style=\"font-weight: 400;\">10,000<\/span><\/td>\n<td><span style=\"font-weight: 400;\">1,000<\/span><\/td>\n<td><span style=\"font-weight: 400;\">11,000<\/span><\/td>\n<td><span style=\"font-weight: 400;\">150,000<\/span><\/td>\n<\/tr>\n<tr>\n<td><\/td>\n<td><span style=\"font-weight: 400;\">MAX CV<\/span><\/td>\n<td><span style=\"font-weight: 400;\">2,000<\/span><\/td>\n<td><span style=\"font-weight: 400;\">1,000<\/span><\/td>\n<td><span style=\"font-weight: 400;\">3,000<\/span><\/td>\n<td><span style=\"font-weight: 400;\">100,000<\/span><\/td>\n<\/tr>\n<tr>\n<td><\/td>\n<td><span style=\"font-weight: 400;\">VERSICHERUNGSLEBENSLAUF F\u00dcR JUNGE FAHRER<\/span><\/td>\n<td><span style=\"font-weight: 400;\">20,000<\/span><\/td>\n<td><span style=\"font-weight: 400;\">1,000<\/span><\/td>\n<td><span style=\"font-weight: 400;\">21,000<\/span><\/td>\n<td><span style=\"font-weight: 400;\">200,00<\/span><\/td>\n<\/tr>\n<\/tbody>\n<\/table>\n<p><b>Anmerkung:<\/b><\/p>\n<ul>\n<li style=\"font-weight: 400;\" aria-level=\"1\"><span style=\"font-weight: 400;\">Kautionen werden in der Regel innerhalb von 10 Werktagen nach R\u00fcckgabe des Fahrzeugs freigegeben, sofern keine zus\u00e4tzlichen Geb\u00fchren anfallen.<\/span><\/li>\n<li style=\"font-weight: 400;\" aria-level=\"1\"><span style=\"font-weight: 400;\">Im Falle von Sch\u00e4den oder anh\u00e4ngigen Versicherungsanspr\u00fcchen kann die Bearbeitung l\u00e4nger dauern.<\/span><\/li>\n<li style=\"font-weight: 400;\" aria-level=\"1\"><span style=\"font-weight: 400;\">Die Reisekaution ist ein separater Betrag, der bei Bedarf die Abz\u00fcge f\u00fcr F\u00e4hren, Mautgeb\u00fchren oder Parkpl\u00e4tze abdeckt.<\/span><\/li>\n<li style=\"font-weight: 400;\" aria-level=\"1\"><span style=\"font-weight: 400;\">*Bei Buchungen vor dem 18.Dezember 2025 : Basic = Basic CV ; Silver = Plus CV ; Gold = keine Entsprechung, aber die Kaution betr\u00e4gt 10.000NOK + 1.000NOK ; Premium = Max CV ; Young driver insurance = Young driver insurance CV .\u00a0<\/span><\/li>\n<\/ul>\n<h3><b>2. Verwaltungs- und Dienstleistungsgeb\u00fchren<\/b><\/h3>\n<p><span style=\"font-weight: 400;\">Die folgenden Service- und Verwaltungsgeb\u00fchren k\u00f6nnen w\u00e4hrend oder nach der Mietzeit anfallen, je nach besonderen Umst\u00e4nden oder in Anspruch genommenen Dienstleistungen. Alle Preise sind in NOK angegeben und verstehen sich zuz\u00fcglich 25% MwSt., sofern zutreffend.<\/span><\/p>\n<table>\n<tbody>\n<tr>\n<td><b>Beschreibung<\/b><\/td>\n<td><b>Geb\u00fchr<\/b><\/td>\n<td><b>Gilt f\u00fcr<\/b><\/td>\n<td><b>Zus\u00e4tzliche Informationen<\/b><\/td>\n<\/tr>\n<tr>\n<td><span style=\"font-weight: 400;\">Arbeitszeit (Reparaturen, Inspektionen usw.)<\/span><\/td>\n<td><span style=\"font-weight: 400;\">1.280 \/ Stunde<\/span><\/td>\n<td><span style=\"font-weight: 400;\">Alle<\/span><\/td>\n<td><span style=\"font-weight: 400;\">Wird eingesetzt, wenn manuelle Arbeit, mechanische Inspektion oder Reinigung \u00fcber den normalen Betrieb hinaus erforderlich ist.<\/span><\/td>\n<\/tr>\n<tr>\n<td><span style=\"font-weight: 400;\">Verwaltungsgeb\u00fchr - unbezahltes Parken<\/span><\/td>\n<td><span style=\"font-weight: 400;\">150 \/ St\u00fcck<\/span><\/td>\n<td><span style=\"font-weight: 400;\">Alle<\/span><\/td>\n<td><span style=\"font-weight: 400;\">Deckt die Bearbeitung von Maut- oder Parkgeb\u00fchrenanspr\u00fcchen ab.<\/span><\/td>\n<\/tr>\n<tr>\n<td><span style=\"font-weight: 400;\">Verwaltungsgeb\u00fchr - Bu\u00dfgeld f\u00fcr Geschwindigkeits\u00fcbertretung oder Parken<\/span><\/td>\n<td><span style=\"font-weight: 400;\">350 \/ St\u00fcck<\/span><\/td>\n<td><span style=\"font-weight: 400;\">Alle<\/span><\/td>\n<td><span style=\"font-weight: 400;\">Deckt den Zeitaufwand f\u00fcr die Ermittlung und Bearbeitung von Bu\u00dfgeldern oder Strafen.<\/span><\/td>\n<\/tr>\n<tr>\n<td><span style=\"font-weight: 400;\">Verwaltungsgeb\u00fchr - Pannenhilfe<\/span><\/td>\n<td><span style=\"font-weight: 400;\">150 \/ Nutzung<\/span><\/td>\n<td><span style=\"font-weight: 400;\">Alle<\/span><\/td>\n<td><span style=\"font-weight: 400;\">Wird angewendet, wenn die Hilfe von Norway Campers oder seinen Partnern geleistet wird.<\/span><\/td>\n<\/tr>\n<tr>\n<td><span style=\"font-weight: 400;\">Verwaltungsgeb\u00fchr f\u00fcr die Betankung<\/span><\/td>\n<td><span style=\"font-weight: 400;\">350<\/span><\/td>\n<td><span style=\"font-weight: 400;\">Alle<\/span><\/td>\n<td><span style=\"font-weight: 400;\">Zus\u00e4tzlich zu den fehlenden Kraftstoffkosten, wenn das Fahrzeug nicht mit vollem Tank zur\u00fcckgegeben wird.<\/span><\/td>\n<\/tr>\n<tr>\n<td><span style=\"font-weight: 400;\">Zus\u00e4tzlicher Fahrer (muss vor der Abfahrt angemeldet werden)<\/span><\/td>\n<td><span style=\"font-weight: 400;\">300 \/ Person<\/span><\/td>\n<td><span style=\"font-weight: 400;\">Alle<\/span><\/td>\n<td><span style=\"font-weight: 400;\">Deckt die Versicherungs- und Verwaltungskosten f\u00fcr einen zus\u00e4tzlichen registrierten Fahrer.<\/span><\/td>\n<\/tr>\n<tr>\n<td><span style=\"font-weight: 400;\">Pannenhilfe (falls nicht als Zusatzleistung \u201cKostenlose Pannenhilfe\u201d enthalten)<\/span><\/td>\n<td><span style=\"font-weight: 400;\">6.500 \/ Nutzung<\/span><\/td>\n<td><span style=\"font-weight: 400;\">Alle<\/span><\/td>\n<td><span style=\"font-weight: 400;\">Volle Geb\u00fchr, wenn Pannenhilfe erforderlich ist und nicht durch die erworbene Versicherungsstufe abgedeckt ist.<\/span><\/td>\n<\/tr>\n<\/tbody>\n<\/table>\n<h3><b>3. Geb\u00fchren f\u00fcr Besch\u00e4digung und Reinigung<\/b><\/h3>\n<p><span style=\"font-weight: 400;\">Diese standardisierten Geb\u00fchren sorgen f\u00fcr Transparenz und Fairness im Falle eines Schadens oder au\u00dfergew\u00f6hnlichen Reinigungsbedarfs. Sie decken die h\u00e4ufigsten Reparaturszenarien sowohl f\u00fcr Wohnmobile als auch f\u00fcr Wohnwagen ab.<\/span><\/p>\n<p><span style=\"font-weight: 400;\">F\u00fcr alle nicht aufgef\u00fchrten Positionen wird der Preis gem\u00e4\u00df dem Angebot der Werkstatt, den Marktreferenzen oder dem Versicherungsgutachten berechnet. Die Arbeitszeit wird separat berechnet (1.280 NOK\/Stunde).<\/span><\/p>\n<h4><b>Allgemeine Sch\u00e4den (gilt f\u00fcr alle Fahrzeuge)<\/b><\/h4>\n<table>\n<tbody>\n<tr>\n<td><b>Art der Besch\u00e4digung<\/b><\/td>\n<td><b>Geb\u00fchr (NOK)<\/b><\/td>\n<td><b>Erl\u00e4uterung<\/b><\/td>\n<\/tr>\n<tr>\n<td><span style=\"font-weight: 400;\">Kleiner Kratzer (\u2264 3 cm)<\/span><\/td>\n<td><span style=\"font-weight: 400;\">600<\/span><\/td>\n<td><span style=\"font-weight: 400;\">Nur kosmetische Oberfl\u00e4chensch\u00e4den.<\/span><\/td>\n<\/tr>\n<tr>\n<td><span style=\"font-weight: 400;\">Mittlerer Kratzer (3-10 cm)<\/span><\/td>\n<td><span style=\"font-weight: 400;\">900<\/span><\/td>\n<td><span style=\"font-weight: 400;\">Sichtbare, aber geringe Lacksch\u00e4den.<\/span><\/td>\n<\/tr>\n<tr>\n<td><span style=\"font-weight: 400;\">Gro\u00dfe oder tiefe Kratzer (10+ cm)<\/span><\/td>\n<td><span style=\"font-weight: 400;\">1,200<\/span><\/td>\n<td><span style=\"font-weight: 400;\">Oder jeder Kratzer, der Metall freilegt, wird als gro\u00df behandelt.<\/span><\/td>\n<\/tr>\n<tr>\n<td><span style=\"font-weight: 400;\">Steinschlag am K\u00f6rper<\/span><\/td>\n<td><span style=\"font-weight: 400;\">600 \/ St\u00fcck<\/span><\/td>\n<td><span style=\"font-weight: 400;\">Inklusive Vorbereitung und Neuanstrich.<\/span><\/td>\n<\/tr>\n<tr>\n<td><span style=\"font-weight: 400;\">Steinschlag an der Windschutzscheibe<\/span><\/td>\n<td><span style=\"font-weight: 400;\">2.500 \/ St\u00fcck<\/span><\/td>\n<td><span style=\"font-weight: 400;\">Standardausbesserung oder Harzf\u00fcllung.<\/span><\/td>\n<\/tr>\n<tr>\n<td><span style=\"font-weight: 400;\">Austausch der Windschutzscheibe<\/span><\/td>\n<td><span style=\"font-weight: 400;\">4,500<\/span><\/td>\n<td><span style=\"font-weight: 400;\">Vollst\u00e4ndiger Austausch, wenn der Riss die Reparaturkriterien \u00fcberschreitet.<\/span><\/td>\n<\/tr>\n<tr>\n<td><span style=\"font-weight: 400;\">Eisb\u00e4r Aufkleber Schaden<\/span><\/td>\n<td><span style=\"font-weight: 400;\">3,174<\/span><\/td>\n<td><span style=\"font-weight: 400;\">Ersetzen eines Aufklebers mit individuellem Branding.<\/span><\/td>\n<\/tr>\n<tr>\n<td><span style=\"font-weight: 400;\">Jede Beule<\/span><\/td>\n<td><span style=\"font-weight: 400;\">30,000<\/span><\/td>\n<td><span style=\"font-weight: 400;\">Beinhaltet den Austausch der Verkleidung, Farbe und Arbeit.<\/span><\/td>\n<\/tr>\n<tr>\n<td><span style=\"font-weight: 400;\">Windsch\u00e4den an T\u00fcren oder Scharnieren<\/span><\/td>\n<td><span style=\"font-weight: 400;\">30,000<\/span><\/td>\n<td><span style=\"font-weight: 400;\">Wenn durch Wind erzwungene T\u00fcren strukturelle Verformungen verursachen.<\/span><\/td>\n<\/tr>\n<tr>\n<td><span style=\"font-weight: 400;\">Schaumstoff aus einem Reifenreparaturset<\/span><\/td>\n<td><span style=\"font-weight: 400;\">780<\/span><\/td>\n<td><span style=\"font-weight: 400;\">Ersatz von verbrauchtem Notfallversiegelungsmaterial.<\/span><\/td>\n<\/tr>\n<tr>\n<td><span style=\"font-weight: 400;\">Extra Reinigung (\u00fcberm\u00e4\u00dfige Verschmutzung innen\/au\u00dfen)<\/span><\/td>\n<td><span style=\"font-weight: 400;\">2,500<\/span><\/td>\n<td><span style=\"font-weight: 400;\">Gilt, wenn das Fahrzeug stark verschmutzt zur\u00fcckgegeben wird.<\/span><\/td>\n<\/tr>\n<tr>\n<td><span style=\"font-weight: 400;\">Reinigung der gemieteten Extras (Kindersitze, K\u00fchlschrank, usw.)<\/span><\/td>\n<td><span style=\"font-weight: 400;\">500<\/span><\/td>\n<td><span style=\"font-weight: 400;\">Gilt f\u00fcr \u00fcberm\u00e4\u00dfig verschmutzte oder besch\u00e4digte Mietartikel.<\/span><\/td>\n<\/tr>\n<\/tbody>\n<\/table>\n<h4><b>Reifen, Felgen und Spiegel<\/b><\/h4>\n<table>\n<tbody>\n<tr>\n<td><b>Artikel<\/b><\/td>\n<td><b>Geb\u00fchr (NOK)<\/b><\/td>\n<td><b>Gilt f\u00fcr<\/b><\/td>\n<td><b>Anmerkungen<\/b><\/td>\n<\/tr>\n<tr>\n<td><span style=\"font-weight: 400;\">Reifenwechsel (2WD - beide auf derselben Achse)<\/span><\/td>\n<td><span style=\"font-weight: 400;\">1.500 - 3.000 \/ Reifen<\/span><\/td>\n<td><span style=\"font-weight: 400;\">Wohnmobile<\/span><\/td>\n<td><span style=\"font-weight: 400;\">Beide Reifen auf einer Achse m\u00fcssen zusammen ersetzt werden.<\/span><\/td>\n<\/tr>\n<tr>\n<td><span style=\"font-weight: 400;\">Reifenwechsel (4WD \/ AWD - alle vier Reifen)<\/span><\/td>\n<td><span style=\"font-weight: 400;\">1.500 - 3.000 \/ Reifen<\/span><\/td>\n<td><span style=\"font-weight: 400;\">Wohnmobile<\/span><\/td>\n<td><span style=\"font-weight: 400;\">Alle vier m\u00fcssen aus Sicherheitsgr\u00fcnden \u00fcbereinstimmen.<\/span><\/td>\n<\/tr>\n<tr>\n<td><span style=\"font-weight: 400;\">Felgensch\u00e4den<\/span><\/td>\n<td><span style=\"font-weight: 400;\">2.500 - 5.000 \/ Felge<\/span><\/td>\n<td><span style=\"font-weight: 400;\">Wohnmobile<\/span><\/td>\n<td><span style=\"font-weight: 400;\">Enth\u00e4lt Kratzer oder strukturelle Verformungen.<\/span><\/td>\n<\/tr>\n<tr>\n<td><span style=\"font-weight: 400;\">Spiegelabdeckung \/ Blinker \/ nur Glas<\/span><\/td>\n<td><span style=\"font-weight: 400;\">1.500 (CV) \/ 2.000 (RV)<\/span><\/td>\n<td><span style=\"font-weight: 400;\">Wohnmobile<\/span><\/td>\n<td><span style=\"font-weight: 400;\">F\u00fcr kleinere Reparaturen am Au\u00dfenspiegel.<\/span><\/td>\n<\/tr>\n<tr>\n<td><span style=\"font-weight: 400;\">Komplette Spiegelmontage<\/span><\/td>\n<td><span style=\"font-weight: 400;\">3.000 (CV) \/ 4.500 (RV)<\/span><\/td>\n<td><span style=\"font-weight: 400;\">Wohnmobile<\/span><\/td>\n<td><span style=\"font-weight: 400;\">Vollst\u00e4ndiger Austausch der Einheit.<\/span><\/td>\n<\/tr>\n<\/tbody>\n<\/table>\n<h4><b>Karosserie- und Exterieurteile<\/b><\/h4>\n<table>\n<tbody>\n<tr>\n<td><b>Teil<\/b><\/td>\n<td><b>Geb\u00fchr (NOK)<\/b><\/td>\n<td><b>Gilt f\u00fcr<\/b><\/td>\n<\/tr>\n<tr>\n<td><span style=\"font-weight: 400;\">Vordere Sto\u00dfstange<\/span><\/td>\n<td><span style=\"font-weight: 400;\">15,000<\/span><\/td>\n<td><span style=\"font-weight: 400;\">Wohnmobile<\/span><\/td>\n<\/tr>\n<tr>\n<td><span style=\"font-weight: 400;\">Hintere Sto\u00dfstange<\/span><\/td>\n<td><span style=\"font-weight: 400;\">7.000 (CV) \/ 15.000 (RV)<\/span><\/td>\n<td><span style=\"font-weight: 400;\">Wohnmobile<\/span><\/td>\n<\/tr>\n<tr>\n<td><span style=\"font-weight: 400;\">Hintere Ecksto\u00dfstangen<\/span><\/td>\n<td><span style=\"font-weight: 400;\">12,500<\/span><\/td>\n<td><span style=\"font-weight: 400;\">Wohnmobile<\/span><\/td>\n<\/tr>\n<tr>\n<td><span style=\"font-weight: 400;\">Seitlicher Sto\u00dff\u00e4nger (entlang der Karosserie)<\/span><\/td>\n<td><span style=\"font-weight: 400;\">6.000 \/ Seite<\/span><\/td>\n<td><span style=\"font-weight: 400;\">Wohnmobile<\/span><\/td>\n<\/tr>\n<tr>\n<td><span style=\"font-weight: 400;\">Radkasten<\/span><\/td>\n<td><span style=\"font-weight: 400;\">11.000 \/ St\u00fcck<\/span><\/td>\n<td><span style=\"font-weight: 400;\">Wohnmobile<\/span><\/td>\n<\/tr>\n<tr>\n<td><span style=\"font-weight: 400;\">R\u00fcck-\/Seiten-\/Oberlichtreflektoren oder Begrenzungsleuchten<\/span><\/td>\n<td><span style=\"font-weight: 400;\">300 \/ St\u00fcck<\/span><\/td>\n<td><span style=\"font-weight: 400;\">Wohnmobile<\/span><\/td>\n<\/tr>\n<tr>\n<td><span style=\"font-weight: 400;\">Frontleuchte<\/span><\/td>\n<td><span style=\"font-weight: 400;\">8.000 \/ St\u00fcck<\/span><\/td>\n<td><span style=\"font-weight: 400;\">Wohnmobile<\/span><\/td>\n<\/tr>\n<tr>\n<td><span style=\"font-weight: 400;\">R\u00fccklicht<\/span><\/td>\n<td><span style=\"font-weight: 400;\">3.500 \/ St\u00fcck<\/span><\/td>\n<td><span style=\"font-weight: 400;\">Wohnmobile<\/span><\/td>\n<\/tr>\n<tr>\n<td><span style=\"font-weight: 400;\">Elektrische Stufe im Freien<\/span><\/td>\n<td><span style=\"font-weight: 400;\">9,500<\/span><\/td>\n<td><span style=\"font-weight: 400;\">Wohnmobile<\/span><\/td>\n<\/tr>\n<tr>\n<td><span style=\"font-weight: 400;\">Camper-Fenster<\/span><\/td>\n<td><span style=\"font-weight: 400;\">4.500 \/ St\u00fcck<\/span><\/td>\n<td><span style=\"font-weight: 400;\">Wohnmobile<\/span><\/td>\n<\/tr>\n<tr>\n<td><span style=\"font-weight: 400;\">Wassertankdeckel (au\u00dfen)<\/span><\/td>\n<td><span style=\"font-weight: 400;\">450<\/span><\/td>\n<td><span style=\"font-weight: 400;\">Wohnmobile<\/span><\/td>\n<\/tr>\n<tr>\n<td><span style=\"font-weight: 400;\">Truma Abgasschutz<\/span><\/td>\n<td><span style=\"font-weight: 400;\">300<\/span><\/td>\n<td><span style=\"font-weight: 400;\">Wohnmobile<\/span><\/td>\n<\/tr>\n<\/tbody>\n<\/table>\n<h4><b>Innenausstattung und Armaturen<\/b><\/h4>\n<table>\n<tbody>\n<tr>\n<td><b>Teil<\/b><\/td>\n<td><b>Geb\u00fchr (NOK)<\/b><\/td>\n<td><b>Gilt f\u00fcr<\/b><\/td>\n<\/tr>\n<tr>\n<td><span style=\"font-weight: 400;\">K\u00fchlschrank<\/span><\/td>\n<td><span style=\"font-weight: 400;\">5,500<\/span><\/td>\n<td><span style=\"font-weight: 400;\">Wohnmobile<\/span><\/td>\n<\/tr>\n<tr>\n<td><span style=\"font-weight: 400;\">Kabel f\u00fcr den K\u00fchlschrank<\/span><\/td>\n<td><span style=\"font-weight: 400;\">650<\/span><\/td>\n<td><span style=\"font-weight: 400;\">Wohnmobile<\/span><\/td>\n<\/tr>\n<tr>\n<td><span style=\"font-weight: 400;\">Gr\u00fcnes Ladekabel (nur ID Buzz)<\/span><\/td>\n<td><span style=\"font-weight: 400;\">750<\/span><\/td>\n<td><span style=\"font-weight: 400;\">Wohnmobile<\/span><\/td>\n<\/tr>\n<tr>\n<td><span style=\"font-weight: 400;\">Holzsch\u00e4den im Inneren<\/span><\/td>\n<td><span style=\"font-weight: 400;\">450 \/ m\u00b2 (CV) \/ 900 \/ Platte (RV)<\/span><\/td>\n<td><span style=\"font-weight: 400;\">Wohnmobile<\/span><\/td>\n<\/tr>\n<tr>\n<td><span style=\"font-weight: 400;\">Lattenrost<\/span><\/td>\n<td><span style=\"font-weight: 400;\">350 \/ St\u00fcck<\/span><\/td>\n<td><span style=\"font-weight: 400;\">Wohnmobile<\/span><\/td>\n<\/tr>\n<tr>\n<td><span style=\"font-weight: 400;\">Toilettenkassette<\/span><\/td>\n<td><span style=\"font-weight: 400;\">3,300<\/span><\/td>\n<td><span style=\"font-weight: 400;\">Wohnmobile<\/span><\/td>\n<\/tr>\n<tr>\n<td><span style=\"font-weight: 400;\">Sp\u00fcle Glasplatte<\/span><\/td>\n<td><span style=\"font-weight: 400;\">1,700<\/span><\/td>\n<td><span style=\"font-weight: 400;\">Wohnmobile<\/span><\/td>\n<\/tr>\n<tr>\n<td><span style=\"font-weight: 400;\">Herd mit Glasplatte<\/span><\/td>\n<td><span style=\"font-weight: 400;\">4,000<\/span><\/td>\n<td><span style=\"font-weight: 400;\">Wohnmobile<\/span><\/td>\n<\/tr>\n<tr>\n<td><span style=\"font-weight: 400;\">Wohnzimmertisch<\/span><\/td>\n<td><span style=\"font-weight: 400;\">6,500<\/span><\/td>\n<td><span style=\"font-weight: 400;\">Wohnmobile<\/span><\/td>\n<\/tr>\n<tr>\n<td><span style=\"font-weight: 400;\">Tischfu\u00df<\/span><\/td>\n<td><span style=\"font-weight: 400;\">800<\/span><\/td>\n<td><span style=\"font-weight: 400;\">Wohnmobile<\/span><\/td>\n<\/tr>\n<tr>\n<td><span style=\"font-weight: 400;\">Duscht\u00fcr<\/span><\/td>\n<td><span style=\"font-weight: 400;\">9,000<\/span><\/td>\n<td><span style=\"font-weight: 400;\">Wohnmobile<\/span><\/td>\n<\/tr>\n<tr>\n<td><span style=\"font-weight: 400;\">Duschvorhang<\/span><\/td>\n<td><span style=\"font-weight: 400;\">1.300 \/ St\u00fcck<\/span><\/td>\n<td><span style=\"font-weight: 400;\">Wohnmobile<\/span><\/td>\n<\/tr>\n<tr>\n<td><span style=\"font-weight: 400;\">Fensterarme<\/span><\/td>\n<td><span style=\"font-weight: 400;\">1.000 \/ St\u00fcck<\/span><\/td>\n<td><span style=\"font-weight: 400;\">Wohnmobile<\/span><\/td>\n<\/tr>\n<tr>\n<td><span style=\"font-weight: 400;\">Abwassertank<\/span><\/td>\n<td><span style=\"font-weight: 400;\">2,500<\/span><\/td>\n<td><span style=\"font-weight: 400;\">Wohnmobile<\/span><\/td>\n<\/tr>\n<tr>\n<td><span style=\"font-weight: 400;\">Abfallwirtschaft (Toiletten-\/Grauwasserreinigung)<\/span><\/td>\n<td><span style=\"font-weight: 400;\">1,500<\/span><\/td>\n<td><span style=\"font-weight: 400;\">Wohnmobile<\/span><\/td>\n<\/tr>\n<tr>\n<td><span style=\"font-weight: 400;\">Abfallentsorgung (im Haus verbleibender M\u00fcll)<\/span><\/td>\n<td><span style=\"font-weight: 400;\">500<\/span><\/td>\n<td><span style=\"font-weight: 400;\">Wohnmobile<\/span><\/td>\n<\/tr>\n<\/tbody>\n<\/table>\n<h3><b>4. Allgemeine Hinweise<\/b><\/h3>\n<ul>\n<li style=\"font-weight: 400;\" aria-level=\"1\"><span style=\"font-weight: 400;\">Der Arbeitsaufwand f\u00fcr Reparaturen oder Inspektionen wird separat mit 1.280 NOK\/Stunde berechnet.<\/span><\/li>\n<li style=\"font-weight: 400;\" aria-level=\"1\"><span style=\"font-weight: 400;\">Alle oben genannten Kosten k\u00f6nnen von der Kaution des Fahrers abgezogen oder separat berechnet werden.<\/span><\/li>\n<li style=\"font-weight: 400;\" aria-level=\"1\"><span style=\"font-weight: 400;\">Wenn ein Kratzer tief genug ist, um Metall freizulegen, wird er automatisch als gro\u00dfer Kratzer eingestuft.<\/span><\/li>\n<li style=\"font-weight: 400;\" aria-level=\"1\"><span style=\"font-weight: 400;\">Sch\u00e4den, die hier nicht explizit aufgef\u00fchrt sind, werden anhand von externen Reparaturangeboten oder vergleichbaren F\u00e4llen bewertet.<\/span><\/li>\n<li style=\"font-weight: 400;\" aria-level=\"1\"><span style=\"font-weight: 400;\">Diese Geb\u00fchren gelten sowohl f\u00fcr Wohnmobile als auch f\u00fcr Reisemobile, sofern nicht anders angegeben.<\/span><\/li>\n<\/ul>\n<h3><b>Zweck dieser Preisliste<\/b><\/h3>\n<p><span style=\"font-weight: 400;\">Diese Preisliste soll Transparenz, Vorhersehbarkeit und Fairness bei der Handhabung von Kautionen, Schadenskosten und Servicegeb\u00fchren w\u00e4hrend des Mietprozesses gew\u00e4hrleisten. Sie hilft auch, Missverst\u00e4ndnisse zu vermeiden und beschleunigt die Abrechnung mit Versicherungen oder Reparaturen.<\/span><\/p>\n<p><span style=\"font-weight: 400;\">Alle Kunden werden gebeten, den Zustand des Fahrzeugs bei Abholung und R\u00fcckgabe mit Fotos zu dokumentieren, um Streitigkeiten zu vermeiden.<\/span><\/p>\n<h1><\/h1>\n<\/div>\n\t\t<\/div><\/div><\/div><\/div>","protected":false},"excerpt":{"rendered":"<p>NORWAY CAMPERS \u2013 PREISLISTE UND ANZAHLUNGSPOLITIK 1. Anzahlungen und Versicherungsstufen Eine Anzahlung ist bei Abholung erforderlich und richtet sich nach der gew\u00e4hlten Versicherungsstufe. Eine zus\u00e4tzliche Reisekaution von 1.000 NOK wird auf alle Buchungen erhoben (zur Abdeckung von \u2026 <a class=\"kt-excerpt-readmore more-link\" href=\"https:\/\/www.norwaycampers.no\/de\/preisliste-kautionsubersicht\/\" aria-label=\"preis-liste-pfand-\u00fcbersicht\">Read More<\/a><\/p>","protected":false},"author":4,"featured_media":0,"parent":0,"menu_order":0,"comment_status":"closed","ping_status":"closed","template":"","meta":{"inline_featured_image":false,"footnotes":""},"class_list":["post-1023","page","type-page","status-publish","hentry"],"aioseo_notices":[],"_links":{"self":[{"href":"https:\/\/www.norwaycampers.no\/de\/wp-json\/wp\/v2\/pages\/1023","targetHints":{"allow":["GET"]}}],"collection":[{"href":"https:\/\/www.norwaycampers.no\/de\/wp-json\/wp\/v2\/pages"}],"about":[{"href":"https:\/\/www.norwaycampers.no\/de\/wp-json\/wp\/v2\/types\/page"}],"author":[{"embeddable":true,"href":"https:\/\/www.norwaycampers.no\/de\/wp-json\/wp\/v2\/users\/4"}],"replies":[{"embeddable":true,"href":"https:\/\/www.norwaycampers.no\/de\/wp-json\/wp\/v2\/comments?post=1023"}],"version-history":[{"count":2,"href":"https:\/\/www.norwaycampers.no\/de\/wp-json\/wp\/v2\/pages\/1023\/revisions"}],"predecessor-version":[{"id":1028,"href":"https:\/\/www.norwaycampers.no\/de\/wp-json\/wp\/v2\/pages\/1023\/revisions\/1028"}],"wp:attachment":[{"href":"https:\/\/www.norwaycampers.no\/de\/wp-json\/wp\/v2\/media?parent=1023"}],"curies":[{"name":"wp","href":"https:\/\/api.w.org\/{rel}","templated":true}]}}