{"id":396,"date":"2023-04-28T08:33:36","date_gmt":"2023-04-28T08:33:36","guid":{"rendered":"https:\/\/www.norwaycampers.no\/?page_id=396"},"modified":"2025-12-05T09:39:35","modified_gmt":"2025-12-05T09:39:35","slug":"miet-wohnmobile","status":"publish","type":"page","link":"https:\/\/www.norwaycampers.no\/de\/miet-wohnmobile\/","title":{"rendered":"MIET-WOHNMOBILE"},"content":{"rendered":"<div id=\"pl-396\"  class=\"panel-layout\" ><div id=\"pg-396-0\"  class=\"panel-grid panel-no-style\" ><div id=\"pgc-396-0-0\"  class=\"panel-grid-cell\" ><div id=\"panel-396-0-0-0\" class=\"widget_text so-panel widget widget_custom_html panel-first-child panel-last-child\" data-index=\"0\" ><div class=\"textwidget custom-html-widget\"><br><br><center><h1 style=\"margin-bottom: -40px;\"><span class=\"name_dec_single\" style=\"margin-bottom: 0px; padding-bottom: 0px;\">FINDEN SIE IHR REISEMOBIL<\/span><\/h1><br>\n<h2><span style=\"margin-top: 0px; padding-top: 0px;\">Mieten Sie Ihr Wohnmobil in Oslo oder Troms\u00f8.<\/h2><\/center><\/div><\/div><\/div><\/div><div id=\"pg-396-1\"  class=\"panel-grid panel-has-style\" ><div class=\"so-rounded panel-row-style panel-row-style-for-396-1\" ><div id=\"pgc-396-1-0\"  class=\"panel-grid-cell\" ><div id=\"panel-396-1-0-0\" class=\"widget_text so-panel widget widget_custom_html panel-first-child\" data-index=\"1\" ><div class=\"textwidget custom-html-widget\"><br><center><span class=\"names\">CLASSIC<\/span><br><span class=\"campers\">CAMPER<\/span><\/center><\/div><\/div><div id=\"panel-396-1-0-1\" class=\"widget_text so-panel widget widget_custom_html\" data-index=\"2\" ><div class=\"textwidget custom-html-widget\"><img decoding=\"async\" src=\"https:\/\/www.norwaycampers.no\/wp-content\/uploads\/2025\/12\/camper-classic.svg\" alt=\"Classic Wohnmobil\"><\/div><\/div><div id=\"panel-396-1-0-2\" class=\"widget_text so-panel widget widget_custom_html\" data-index=\"3\" ><div class=\"textwidget custom-html-widget\"><center><span class=\"brand\"><i class=\"fak fa-vw\"><\/i><\/span>&nbsp;&nbsp;&nbsp;<span class=\"campers_dec\">CADDY MAXI<hr class=\"price\">\n\t\n<div class=\"grid-container\">\n\t<div class=\"grid-item\"><i class=\"fa-solid fa-gears\"><\/i><\/div>\n<div class=\"grid-item\">AUTOMATIK<\/div>\n<div class=\"grid-item\"><i class=\"fa-solid fa-person-simple\"><\/i><\/div>\n<div class=\"grid-item\">SITZE 2<\/div>\n<div class=\"grid-item\"><i class=\"fa-solid fa-bed\"><\/i><\/div>  \n<div class=\"grid-item\">SCHLAFEN 2<\/div>\n<div class=\"grid-item\"><i class=\"fa-solid fa-heat\"><\/i><\/div>\n<div class=\"grid-item\">HEIZUNG<\/div>\n\n<\/div>\t\t\n\t\n\t<hr class=\"price\">\n\tvon<br><\/span><span class=\"campers_price\">860 kr.<\/span><br><span class=\"price_explain\">(74 EUR oder\n81 USD)<\/span><br><span class=\"campers_dec\">pro Tag<\/span><br><span class=\"price_explain\"><span class='tooltipsall tooltip_post_id_custom_b4bea442488921a66466c16a2bc3570e classtoolTipsCustomShortCode' style='border-bottom:2px dotted #888;'>*Preisinformationen<\/span><script type=\"text\/javascript\">jQuery(\"document\").ready(function(){ toolTips('.tooltip_post_id_custom_b4bea442488921a66466c16a2bc3570e','Pay a daily rate of 860 kr\\. when you book this van for more than 21 days during our low season\\. The daily rate will adjust based on your travel season and rental period length\\. Service and toll road fees will also apply\\.'); });<\/script><\/span><\/center>\n<\/div><\/div><div id=\"panel-396-1-0-3\" class=\"so-panel widget widget_sow-button panel-last-child\" data-index=\"4\" ><div\n\t\t\t\n\t\t\tclass=\"so-widget-sow-button so-widget-sow-button-wire-a1a829ef4975-396\"\n\t\t\t\n\t\t><div class=\"ow-button-base ow-button-align-center\"\n>\n\t\t\t<a\n\t\t\t\t\thref=\"https:\/\/www.norwaycampers.no\/de\/klassisches-wohnmobil\/\"\n\t\t\t\t\tclass=\"sowb-button ow-icon-placement-left ow-button-hover\" \t>\n\t\t<span>\n\t\t\t\n\t\t\tMEHR SEHEN\t\t<\/span>\n\t\t\t<\/a>\n\t<\/div>\n<\/div><\/div><\/div><div id=\"pgc-396-1-1\"  class=\"panel-grid-cell\" ><div id=\"panel-396-1-1-0\" class=\"widget_text so-panel widget widget_custom_html panel-first-child\" data-index=\"5\" ><div class=\"textwidget custom-html-widget\"><br><center><span class=\"names\">GRAND 4WD<\/span><br><span class=\"campers\">CAMPER<\/span><\/center><\/div><\/div><div id=\"panel-396-1-1-1\" class=\"widget_text so-panel widget widget_custom_html\" data-index=\"6\" ><div class=\"textwidget custom-html-widget\"><img decoding=\"async\" src=\"https:\/\/www.norwaycampers.no\/wp-content\/uploads\/2025\/12\/camper-grand.svg\" alt=\"Grand 4WD Wohnmobil\"><\/div><\/div><div id=\"panel-396-1-1-2\" class=\"widget_text so-panel widget widget_custom_html\" data-index=\"7\" ><div class=\"textwidget custom-html-widget\"><center><span class=\"brand\"><i class=\"fak fa-vw\"><\/i><\/span>&nbsp;&nbsp;&nbsp;<span class=\"campers_dec\">TRANSPORTER 4WD<hr class=\"price\">\n\t\n<div class=\"grid-container\">\n\t<div class=\"grid-item\"><i class=\"fa-solid fa-gears\"><\/i><\/div>\n<div class=\"grid-item\">AUTOMATIK<\/div>\n<div class=\"grid-item\"><i class=\"fa-solid fa-person-simple\"><\/i><\/div>\n<div class=\"grid-item\">SITZE 3<\/div>\n<div class=\"grid-item\"><i class=\"fa-solid fa-bed\"><\/i><\/div>  \n<div class=\"grid-item\">SCHLAFEN 3<\/div>\n<div class=\"grid-item\"><i class=\"fa-solid fa-heat\"><\/i><\/div>\n<div class=\"grid-item\">HEIZUNG<\/div>\n\n<\/div>\t\t\n\t\n\t<hr class=\"price\">\n\tvon<br><\/span><span class=\"campers_price\">1.098 kr.<\/span><br><span class=\"price_explain\">(95 EUR oder\n103 USD)<\/span><br><span class=\"campers_dec\">pro Tag<\/span><br><span class=\"price_explain\"><span class='tooltipsall tooltip_post_id_custom_86c8e98be28639317df9420788db4e6e classtoolTipsCustomShortCode' style='border-bottom:2px dotted #888;'>*Preisinformationen<\/span><script type=\"text\/javascript\">jQuery(\"document\").ready(function(){ toolTips('.tooltip_post_id_custom_86c8e98be28639317df9420788db4e6e','Pay a daily rate of 1\\.098 kr\\. when you book this van for more than 21 days during our low season\\. The daily rate will adjust based on your travel season and rental period length\\. Service and toll road fees will also apply\\.'); });<\/script><\/span><\/center>\n<\/div><\/div><div id=\"panel-396-1-1-3\" class=\"so-panel widget widget_sow-button panel-last-child\" data-index=\"8\" ><div\n\t\t\t\n\t\t\tclass=\"so-widget-sow-button so-widget-sow-button-wire-a1a829ef4975-396\"\n\t\t\t\n\t\t><div class=\"ow-button-base ow-button-align-center\"\n>\n\t\t\t<a\n\t\t\t\t\thref=\"https:\/\/www.norwaycampers.no\/de\/groses-wohnmobil\/\"\n\t\t\t\t\tclass=\"sowb-button ow-icon-placement-left ow-button-hover\" \t>\n\t\t<span>\n\t\t\t\n\t\t\tMEHR SEHEN\t\t<\/span>\n\t\t\t<\/a>\n\t<\/div>\n<\/div><\/div><\/div><div id=\"pgc-396-1-2\"  class=\"panel-grid-cell\" ><div id=\"panel-396-1-2-0\" class=\"widget_text so-panel widget widget_custom_html panel-first-child\" data-index=\"9\" ><div class=\"textwidget custom-html-widget\"><br><center><span class=\"names\">SALOON<\/span><br><span class=\"campers\">CAMPER<\/span><\/center><\/div><\/div><div id=\"panel-396-1-2-1\" class=\"widget_text so-panel widget widget_custom_html\" data-index=\"10\" ><div class=\"textwidget custom-html-widget\"><img decoding=\"async\" src=\"https:\/\/www.norwaycampers.no\/wp-content\/uploads\/2025\/12\/camper-saloon.svg\" alt=\"Saloon Camper\"><\/div><\/div><div id=\"panel-396-1-2-2\" class=\"widget_text so-panel widget widget_custom_html\" data-index=\"11\" ><div class=\"textwidget custom-html-widget\"><center><span class=\"brand\"><i class=\"fak fa-opel\"><\/i><\/span>&nbsp;&nbsp;&nbsp;<span class=\"campers_dec\">VIVARO<hr class=\"price\">\n\t\n<div class=\"grid-container\">\n\t<div class=\"grid-item\"><i class=\"fa-solid fa-gears\"><\/i><\/div>\n<div class=\"grid-item\">MANUELL<\/div>\n<div class=\"grid-item\"><i class=\"fa-solid fa-person-simple\"><\/i><\/div>\n<div class=\"grid-item\">SITZE 3<\/div>\n<div class=\"grid-item\"><i class=\"fa-solid fa-bed\"><\/i><\/div>  \n<div class=\"grid-item\">SCHLAFEN 3<\/div>\n<div class=\"grid-item\"><i class=\"fa-solid fa-heat\"><\/i><\/div>\n<div class=\"grid-item\">HEIZUNG<\/div>\n<\/div>\t\t\n\t\n\t<hr class=\"price\">\n\tvon<br><\/span><span class=\"campers_price\">1.098 kr.<\/span><br><span class=\"price_explain\">(95 EUR oder\n103 USD)<\/span><br><span class=\"campers_dec\">pro Tag<\/span><br><span class=\"price_explain\"><span class='tooltipsall tooltip_post_id_custom_74e0b12f075f3cb94ed52bc9d49cc6ac classtoolTipsCustomShortCode' style='border-bottom:2px dotted #888;'>*Preisinformationen<\/span><script type=\"text\/javascript\">jQuery(\"document\").ready(function(){ toolTips('.tooltip_post_id_custom_74e0b12f075f3cb94ed52bc9d49cc6ac','Pay a daily rate of 1\\.098 kr\\. when you book this van for more than 21 days during our low season\\. The daily rate will adjust based on your travel season and rental period length\\. Service and toll road fees will also apply\\.'); });<\/script><\/span><\/center>\n<\/div><\/div><div id=\"panel-396-1-2-3\" class=\"so-panel widget widget_sow-button panel-last-child\" data-index=\"12\" ><div\n\t\t\t\n\t\t\tclass=\"so-widget-sow-button so-widget-sow-button-wire-83adc3934c06-396\"\n\t\t\t\n\t\t><div class=\"ow-button-base ow-button-align-center\"\n>\n\t\t\t<a\n\t\t\t\t\thref=\"https:\/\/www.norwaycampers.no\/de\/wohnmobil\/\"\n\t\t\t\t\tclass=\"sowb-button ow-icon-placement-left ow-button-hover\" \t>\n\t\t<span>\n\t\t\t\n\t\t\tMEHR SEHEN\t\t<\/span>\n\t\t\t<\/a>\n\t<\/div>\n<\/div><\/div><\/div><div id=\"pgc-396-1-3\"  class=\"panel-grid-cell\" ><div class=\"panel-cell-style panel-cell-style-for-396-1-3\" ><div id=\"panel-396-1-3-0\" class=\"widget_text so-panel widget widget_custom_html panel-first-child\" data-index=\"13\" ><div class=\"textwidget custom-html-widget\"><br><center><span class=\"names\">ATLAS 4WD<\/span><br><span class=\"campers\">CAMPER<\/span><\/center><\/div><\/div><div id=\"panel-396-1-3-1\" class=\"widget_text so-panel widget widget_custom_html\" data-index=\"14\" ><div class=\"textwidget custom-html-widget\"><img decoding=\"async\" src=\"https:\/\/www.norwaycampers.no\/wp-content\/uploads\/2025\/12\/camper-atlas-1.svg\" alt=\"Atlas 4WD Wohnmobil\"><\/div><\/div><div id=\"panel-396-1-3-2\" class=\"widget_text so-panel widget widget_custom_html\" data-index=\"15\" ><div class=\"textwidget custom-html-widget\"><center><span class=\"brand\"><i class=\"fak fa-vw\"><\/i><\/span>&nbsp;&nbsp;&nbsp;<span class=\"campers_dec\">CRAFTER 4WD<hr class=\"price\">\n<div class=\"grid-container\">\n\t<div class=\"grid-item\"><i class=\"fa-solid fa-gears\"><\/i><\/div>\n<div class=\"grid-item\">AUTOMATIK<\/div>\n<div class=\"grid-item\"><i class=\"fa-solid fa-person-simple\"><\/i><\/div>\n<div class=\"grid-item\">SITZE 3<\/div>\n<div class=\"grid-item\"><i class=\"fa-solid fa-bed\"><\/i><\/div>  \n<div class=\"grid-item\">SCHLAFEN 3<\/div>\n<div class=\"grid-item\"><i class=\"fa-solid fa-heat\"><\/i><\/div>\n<div class=\"grid-item\">HEIZUNG<\/div>\n\n<\/div>\t\t\n\n\t<hr class=\"price\">\n\tvon <\/span><br><span class=\"campers_price\">1589 kr.<\/span><br><span class=\"price_explain\">(137 EUR oder\n149 USD)<\/span><br><span class=\"campers_dec\">pro Tag <\/span><br><span class=\"price_explain\"><span class='tooltipsall tooltip_post_id_custom_ad46f08e6f0bea04838589112a6c69d1 classtoolTipsCustomShortCode' style='border-bottom:2px dotted #888;'>*Preisinformationen<\/span><script type=\"text\/javascript\">jQuery(\"document\").ready(function(){ toolTips('.tooltip_post_id_custom_ad46f08e6f0bea04838589112a6c69d1','Pay a daily rate of 1589 kr\\. when you book this van for more than 21 days during our low season\\. The daily rate will adjust based on your travel season and rental period length\\. Service and toll road fees will also apply\\.'); });<\/script><\/span><\/center>\n<\/div><\/div><div id=\"panel-396-1-3-3\" class=\"so-panel widget widget_sow-button panel-last-child\" data-index=\"16\" ><div\n\t\t\t\n\t\t\tclass=\"so-widget-sow-button so-widget-sow-button-wire-a1a829ef4975-396\"\n\t\t\t\n\t\t><div class=\"ow-button-base ow-button-align-center\"\n>\n\t\t\t<a\n\t\t\t\t\thref=\"https:\/\/www.norwaycampers.no\/de\/atlas-4wd-camper\/\"\n\t\t\t\t\tclass=\"sowb-button ow-icon-placement-left ow-button-hover\" \t>\n\t\t<span>\n\t\t\t\n\t\t\tMEHR SEHEN\t\t<\/span>\n\t\t\t<\/a>\n\t<\/div>\n<\/div><\/div><\/div><\/div><\/div><\/div><div id=\"pg-396-2\"  class=\"panel-grid panel-has-style\" ><div class=\"so-rounded panel-row-style panel-row-style-for-396-2\" ><div id=\"pgc-396-2-0\"  class=\"panel-grid-cell\" ><div id=\"panel-396-2-0-0\" class=\"widget_text so-panel widget widget_custom_html panel-first-child\" data-index=\"17\" ><div class=\"textwidget custom-html-widget\"><br><center><span class=\"names\">VIKING HOME<\/span><br><span class=\"campers\">MOTORHOME<\/span><\/center><\/div><\/div><div id=\"panel-396-2-0-1\" class=\"widget_text so-panel widget widget_custom_html\" data-index=\"18\" ><div class=\"textwidget custom-html-widget\"><center><span class=\"brand\"><i class=\"fak fa-fiat\"><\/i><\/span>&nbsp;&nbsp;&nbsp;<span class=\"campers_dec\">DUCATO<hr class=\"motorhome\">\n<div class=\"grid-container\">\n\t<div class=\"grid-item\"><i class=\"fa-solid fa-gears\"><\/i><\/div>\n<div class=\"grid-item\">AUTOMATIK<\/div>\n<div class=\"grid-item\"><i class=\"fa-solid fa-person-simple\"><\/i><\/div>\n<div class=\"grid-item\">SITZEN 4<\/div>\n<div class=\"grid-item\"><i class=\"fa-solid fa-bed\"><\/i><\/div>  \n<div class=\"grid-item\">SCHLAFEN 4<\/div>\n<div class=\"grid-item\"><i class=\"fa-solid fa-snowflake\"><\/i><\/div>\n<div class=\"grid-item\">HEIZUNG<\/div>\n<div class=\"grid-item\"><i class=\"fa-solid fa-shower\"><\/i><\/div>\n<div class=\"grid-item\">DUSCHE<\/div>\n\t<div class=\"grid-item\"><i class=\"fa-solid fa-toilet\"><\/i><\/div>\n<div class=\"grid-item\">TOILETTE<\/div>\n<\/div>\t\t\n\n\t<hr class=\"motorhome\">\n\tvon <\/span><br><span class=\"campers_price\">1.980 kr.<\/span><br><span class=\"price_explain\">(171 EUR oder\n186 USD)<\/span><br><span class=\"campers_dec\">pro Tag <\/span><br><span class=\"price_explain\"><span class='tooltipsall tooltip_post_id_custom_aa794a51a23eb6e2ff09d83eae6c5d26 classtoolTipsCustomShortCode' style='border-bottom:2px dotted #888;'>*Preisinformationen<\/span><script type=\"text\/javascript\">jQuery(\"document\").ready(function(){ toolTips('.tooltip_post_id_custom_aa794a51a23eb6e2ff09d83eae6c5d26','Pay a daily rate of 1\\.980 kr\\. when you book this van for more than 21 days during our low season\\. The daily rate will adjust based on your travel season and rental period length\\. Service and toll road fees will also apply\\.'); });<\/script><\/span><\/center>\n<\/div><\/div><div id=\"panel-396-2-0-2\" class=\"so-panel widget widget_sow-button panel-last-child\" data-index=\"19\" ><div\n\t\t\t\n\t\t\tclass=\"so-widget-sow-button so-widget-sow-button-wire-a1a829ef4975-396\"\n\t\t\t\n\t\t><div class=\"ow-button-base ow-button-align-center\"\n>\n\t\t\t<a\n\t\t\t\t\thref=\"https:\/\/www.norwaycampers.no\/de\/wikingerhaus\/\"\n\t\t\t\t\tclass=\"sowb-button ow-icon-placement-left ow-button-hover\" \t>\n\t\t<span>\n\t\t\t\n\t\t\tMEHR SEHEN\t\t<\/span>\n\t\t\t<\/a>\n\t<\/div>\n<\/div><\/div><\/div><div id=\"pgc-396-2-1\"  class=\"panel-grid-cell\" ><div id=\"panel-396-2-1-0\" class=\"widget_text so-panel widget widget_custom_html panel-first-child\" data-index=\"20\" ><div class=\"textwidget custom-html-widget\"><br><br><br><br><br><br><\/div><\/div><div id=\"panel-396-2-1-1\" class=\"so-panel widget widget_sow-image\" data-index=\"21\" ><div\n\t\t\t\n\t\t\tclass=\"so-widget-sow-image so-widget-sow-image-default-c67d20f9f743-396\"\n\t\t\t\n\t\t>\n<div class=\"sow-image-container\">\n\t\t\t<a href=\"https:\/\/www.norwaycampers.no\/de\/klassisches-wohnmobil\/\"\n\t\t\t\t\t>\n\t\t\t<img \n\tsrc=\"https:\/\/www.norwaycampers.no\/wp-content\/uploads\/2025\/05\/viking-home.png\" width=\"1024\" height=\"534\" srcset=\"https:\/\/www.norwaycampers.no\/wp-content\/uploads\/2025\/05\/viking-home.png 1024w, https:\/\/www.norwaycampers.no\/wp-content\/uploads\/2025\/05\/viking-home-300x156.png 300w, https:\/\/www.norwaycampers.no\/wp-content\/uploads\/2025\/05\/viking-home-768x401.png 768w\" sizes=\"(max-width: 1024px) 100vw, 1024px\" alt=\"\" \t\tclass=\"so-widget-image\"\/>\n\t\t\t<\/a><\/div>\n\n<\/div><\/div><div id=\"panel-396-2-1-2\" class=\"widget_text so-panel widget widget_custom_html panel-last-child\" data-index=\"22\" ><div class=\"textwidget custom-html-widget\"><center><span class=\"price_explain\">*Das VIKING HOME ist nur in Troms\u00f8 im Jahr 2025 zu mieten.\n<\/span><\/center><\/div><\/div><\/div><\/div><\/div><div id=\"pg-396-3\"  class=\"panel-grid panel-no-style\" ><div id=\"pgc-396-3-0\"  class=\"panel-grid-cell\" ><div id=\"panel-396-3-0-0\" class=\"widget_text so-panel widget widget_custom_html panel-first-child panel-last-child\" data-index=\"23\" ><div class=\"textwidget custom-html-widget\">Willkommen bei Norway Campers, Ihrer preiswerten Wohnmobilvermietung aus einer Hand, um die atemberaubende Sch\u00f6nheit Norwegens mit Komfort und Stil zu erkunden. Unsere gro\u00dfe Auswahl an modernen, voll ausgestatteten Wohnmobilen erm\u00f6glicht es Ihnen, die malerischen Fjorde, die majest\u00e4tischen Berge und die unber\u00fchrte Wildnis in Ihrem eigenen Tempo zu erleben, ohne das Budget zu sprengen.<\/div><\/div><\/div><div id=\"pgc-396-3-1\"  class=\"panel-grid-cell\" ><div id=\"panel-396-3-1-0\" class=\"widget_text so-panel widget widget_custom_html panel-first-child\" data-index=\"24\" ><div class=\"textwidget custom-html-widget\">W\u00e4hlen Sie aus unserer vielf\u00e4ltigen Flotte an preisg\u00fcnstigen Wohnmobilen, die auf die Bed\u00fcrfnisse jedes Reisenden zugeschnitten sind, um Norwegen zu erkunden. Klicken Sie auf das jeweilige Modell, um mehr \u00fcber seine einzigartigen Eigenschaften und Annehmlichkeiten zu erfahren. Beginnen Sie Ihr unvergessliches Norwegen-Abenteuer mit Norway Campers ab Oslo oder Troms\u00f8.<\/div><\/div><div id=\"panel-396-3-1-1\" class=\"widget_text so-panel widget widget_custom_html panel-last-child\" data-index=\"25\" ><div class=\"textwidget custom-html-widget\"><br><br><\/div><\/div><\/div><\/div><\/div>","protected":false},"excerpt":{"rendered":"<p>FIND YOUR CAMPER VAN Rent you camper in Oslo or Troms\u00f8.CLASSICCAMPER&nbsp;&nbsp;&nbsp;CADDY MAXI AUTOMATIC SEATS 2 SLEEPS 2 HEATER from860 kr.(74 EUR or 81 USD)per day*price information SEE MORE GRAND 4WDCAMPER&nbsp;&nbsp;&nbsp;TRANSPORTER 4WD AUTOMATIC SEATS 3 SLEEPS 3 HEATER from1.098 kr.(95 EUR &hellip; <a class=\"kt-excerpt-readmore more-link\" href=\"https:\/\/www.norwaycampers.no\/de\/miet-wohnmobile\/\" aria-label=\"MIET-WOHNMOBILE\">Read More<\/a><\/p>","protected":false},"author":3,"featured_media":0,"parent":0,"menu_order":0,"comment_status":"closed","ping_status":"closed","template":"","meta":{"inline_featured_image":false,"footnotes":""},"class_list":["post-396","page","type-page","status-publish","hentry"],"aioseo_notices":[],"_links":{"self":[{"href":"https:\/\/www.norwaycampers.no\/de\/wp-json\/wp\/v2\/pages\/396","targetHints":{"allow":["GET"]}}],"collection":[{"href":"https:\/\/www.norwaycampers.no\/de\/wp-json\/wp\/v2\/pages"}],"about":[{"href":"https:\/\/www.norwaycampers.no\/de\/wp-json\/wp\/v2\/types\/page"}],"author":[{"embeddable":true,"href":"https:\/\/www.norwaycampers.no\/de\/wp-json\/wp\/v2\/users\/3"}],"replies":[{"embeddable":true,"href":"https:\/\/www.norwaycampers.no\/de\/wp-json\/wp\/v2\/comments?post=396"}],"version-history":[{"count":36,"href":"https:\/\/www.norwaycampers.no\/de\/wp-json\/wp\/v2\/pages\/396\/revisions"}],"predecessor-version":[{"id":993,"href":"https:\/\/www.norwaycampers.no\/de\/wp-json\/wp\/v2\/pages\/396\/revisions\/993"}],"wp:attachment":[{"href":"https:\/\/www.norwaycampers.no\/de\/wp-json\/wp\/v2\/media?parent=396"}],"curies":[{"name":"wp","href":"https:\/\/api.w.org\/{rel}","templated":true}]}}