{"id":462,"date":"2023-04-28T08:54:48","date_gmt":"2023-04-28T08:54:48","guid":{"rendered":"https:\/\/www.norwaycampers.no\/?page_id=462"},"modified":"2026-03-04T11:38:42","modified_gmt":"2026-03-04T11:38:42","slug":"wohnmobilstellplatz","status":"publish","type":"page","link":"https:\/\/www.norwaycampers.no\/de\/wohnmobilstellplatz\/","title":{"rendered":"Campervermietungen in Norwegen"},"content":{"rendered":"<div id=\"pl-462\"  class=\"panel-layout\" ><div id=\"pg-462-0\"  class=\"panel-grid panel-no-style\" ><div id=\"pgc-462-0-0\"  class=\"panel-grid-cell\" ><div id=\"panel-462-0-0-0\" class=\"widget_text so-panel widget widget_custom_html panel-first-child\" data-index=\"0\" ><div class=\"textwidget custom-html-widget\"><br><br><h1 style=\"margin-bottom: -40px;\"><span class=\"name_dec_single\" style=\"margin-bottom: 0px; padding-bottom: 0px;\">WOHNMOBILVERMIETUNG OSLO<\/span><\/h1><br>\n<h2><span style=\"margin-top: 0px; padding-top: 0px;\"><\/span>NORWEGEN CAMPERS OSLO<\/h2>\n<hr>\n10 Minuten vom Flughafen Oslo Gardermoen entfernt. F\u00fcr Ihre Abholung bieten wir einen kostenlosen Shuttle-Service vom Flughafen oder dem Bahnhof Eidsvoll Verk werktags von 08 - 18 Uhr und samstags von 08 - 15 Uhr.\n<br><br>\n<b>Norwegen Camper<\/b><br>\nSundbyvegen 3<br>\n2032 Maura<br>\nNorwegen\n<br><br>\nE-Mail: oslo@norwaycampers.no<br>\nTelefon: +47 75 80 40 27<br><br>\n\n\u00d6ffnungszeiten: 8 - 21 Uhr an allen Tagen (18 - 21 + Sp\u00e4tgeb\u00fchr)<br>\nKostenloser Shuttle-Service: werktags 8 - 18 Uhr \/ samstags 8 - 15 Uhr<br>\nSchl\u00fcssel\u00fcbergabe: 24\/7 (kein Shuttle-Service)<br><br><\/div><\/div><div id=\"panel-462-0-0-1\" class=\"so-panel widget widget_sow-google-map\" data-index=\"1\" ><div\n\t\t\t\n\t\t\tclass=\"so-widget-sow-google-map so-widget-sow-google-map-default-6b23895f316e-462\"\n\t\t\t\n\t\t>\n<div class=\"sow-google-map-canvas\"\n\tstyle=\"\"\n\tid=\"map-canvas-b8739f70353a1000e11a4a4eaa8978b5\"\n\tdata-options=\"{&quot;address&quot;:&quot;60.26744840000001, 11.0999264&quot;,&quot;zoom&quot;:11,&quot;mobileZoom&quot;:11,&quot;gestureHandling&quot;:&quot;greedy&quot;,&quot;disableUi&quot;:false,&quot;markerIcon&quot;:false,&quot;markersDraggable&quot;:false,&quot;markerAtCenter&quot;:true,&quot;markerInfoDisplay&quot;:&quot;click&quot;,&quot;markerInfoMultiple&quot;:true,&quot;markerPositions&quot;:false,&quot;mapName&quot;:false,&quot;mapStyles&quot;:false,&quot;directions&quot;:&quot;&quot;,&quot;apiKey&quot;:&quot;AIzaSyDH3T58DpNEbfh06zVK6kZHAovJsH_4JRE&quot;,&quot;breakpoint&quot;:780,&quot;id&quot;:&quot;69e7d7&quot;}\"\n\tdata-fallback-image=\"{&quot;img&quot;:&quot;&quot;}\"><\/div>\n<\/div><\/div><div id=\"panel-462-0-0-2\" class=\"widget_text so-panel widget widget_custom_html panel-last-child\" data-index=\"2\" ><div class=\"textwidget custom-html-widget\"><br><h2><span style=\"font-size: 22px;\">Abholservice vom Flughafen Oslo<\/span><\/h2><br>Nachdem Sie Ihr Gep\u00e4ck abgeholt und den Zoll passiert haben, wenden Sie sich bitte an unser B\u00fcro in Oslo unter der Telefonnummer +47 75 80 40 27, um den Shuttleservice in Gang zu setzen. Der Shuttleservice verkehrt zwischen 8 und 18 Uhr. Begeben Sie sich in die oberste Etage (Abflug) und gehen Sie zum Eingang 6, 7 oder 8, wo wir Sie drau\u00dfen erwarten. Unser gelber Minivan holt Sie innerhalb weniger Minuten ab.<br><br>\n\nAlternativ k\u00f6nnen wir die Abholung am Bahnhof Eidsvoll Verk (erreichbar mit den Z\u00fcgen R11 oder L12 von Oslo) oder in einem der Flughafenhotels in Gardermoen organisieren. Um eine Abholung an einem dieser Orte zu vereinbaren, senden Sie uns bitte eine E-Mail an oslo@norwaycampers.no.<br><br>\n\nBitte beachten Sie, dass der R\u00fccktransfer nicht in diesem Service enthalten ist. Wir tun jedoch unser Bestes, um Ihnen auf Anfrage und je nach Verf\u00fcgbarkeit eine Mitfahrgelegenheit zum Bahnhof oder Flughafen zu bieten.<br><br><br><\/div><\/div><\/div><div id=\"pgc-462-0-1\"  class=\"panel-grid-cell panel-grid-cell-empty\" ><\/div><div id=\"pgc-462-0-2\"  class=\"panel-grid-cell\" ><div id=\"panel-462-0-2-0\" class=\"widget_text so-panel widget widget_custom_html panel-first-child\" data-index=\"3\" ><div class=\"textwidget custom-html-widget\"><br><br><h2 style=\"margin-bottom: -40px;\"><span class=\"name_dec_single\" style=\"margin-bottom: 0px; padding-bottom: 0px;\">WOHNMOBILVERMIETUNG TROMS\u00d8<\/span><\/h2><br>\n<h2><span style=\"margin-top: 0px; padding-top: 0px;\"><\/span>NORWEGEN CAMPER TROMS\u00d8<\/h2>\n<hr>\nUnser Depot in Troms\u00f8 ist 5 Minuten vom Flughafen entfernt. Sie k\u00f6nnen eine Abholung vom Flughafen als Extra buchen, ein Taxi nehmen (ca. 190 NOK) oder zu Fu\u00df gehen (ca. 1 Stunde).\n<br><br><br>\n<b>Norwegen Camper<\/b><br>\nSalar\u00f8yvegen 159<br>\n9103 Kval\u00f8ysletta<br>\nNorwegen\n<br><br>\nE-Mail: tromso@norwaycampers.no<br>\nTelefon: +47 75 80 40 27<br><br>\n\n\u00d6ffnungszeiten: 8 - 21 Uhr an allen Tagen (18 - 21 + Sp\u00e4tgeb\u00fchr)<br>\nAbholung vom Flughafen: 8 - 21 Uhr an allen Tagen (als Extra-Service buchen)<br>\nSchl\u00fcsselabwurf: 24\/7<br><br><\/div><\/div><div id=\"panel-462-0-2-1\" class=\"so-panel widget widget_sow-google-map\" data-index=\"4\" ><div\n\t\t\t\n\t\t\tclass=\"so-widget-sow-google-map so-widget-sow-google-map-default-6b23895f316e-462\"\n\t\t\t\n\t\t>\n<div class=\"sow-google-map-canvas\"\n\tstyle=\"\"\n\tid=\"map-canvas-5c4313c9932559187172745030f5e427\"\n\tdata-options=\"{&quot;address&quot;:&quot;Norway Campers Troms\\u00f8&quot;,&quot;zoom&quot;:12,&quot;mobileZoom&quot;:12,&quot;gestureHandling&quot;:&quot;greedy&quot;,&quot;disableUi&quot;:&quot;&quot;,&quot;markerIcon&quot;:false,&quot;markersDraggable&quot;:false,&quot;markerAtCenter&quot;:true,&quot;markerInfoDisplay&quot;:&quot;click&quot;,&quot;markerInfoMultiple&quot;:true,&quot;markerPositions&quot;:false,&quot;mapName&quot;:false,&quot;mapStyles&quot;:false,&quot;directions&quot;:&quot;&quot;,&quot;apiKey&quot;:&quot;AIzaSyDH3T58DpNEbfh06zVK6kZHAovJsH_4JRE&quot;,&quot;breakpoint&quot;:780,&quot;id&quot;:&quot;69e7d7&quot;}\"\n\tdata-fallback-image=\"{&quot;img&quot;:&quot;&quot;}\"><\/div>\n<\/div><\/div><div id=\"panel-462-0-2-2\" class=\"widget_text so-panel widget widget_custom_html panel-last-child\" data-index=\"5\" ><div class=\"textwidget custom-html-widget\"><br><h2><span style=\"font-size: 22px;\">Troms\u00f8 Flughafen Pick-up Service<\/span><\/h2><br>Bitte beachten Sie, dass Sie diesen Service extra buchen m\u00fcssen, wenn Sie vom Flughafen Troms\u00f8 abgeholt und zu unserer Vermietstation gebracht werden m\u00f6chten. Nachdem Sie Ihr Gep\u00e4ck abgeholt und den Zoll passiert haben, kontaktieren Sie unser B\u00fcro in Troms\u00f8 unter +47 75 80 40 27, um die Abholung vom Flughafen zu veranlassen. Unser Vermietungsagent wird Ihnen weitere Anweisungen geben, wie Sie mit der Abholung verfahren sollen.<br><br>\n\n<\/div><\/div><\/div><\/div><\/div>","protected":false},"excerpt":{"rendered":"<p>CAMPINGWAGENVERMIETUNG OSLO NORWEGEN CAMPINGWAGEN OSLO 10 Minuten vom Flughafen Oslo Gardermoen entfernt. F\u00fcr Ihre Abholung bieten wir einen kostenlosen Shuttleservice vom Flughafen oder Bahnhof Eidsvoll Verk an Wochentagen von 08 bis 18 Uhr und\u2026 <a class=\"kt-excerpt-readmore more-link\" href=\"https:\/\/www.norwaycampers.no\/de\/wohnmobilstellplatz\/\" aria-label=\"Campervermietungen in Norwegen\">Read More<\/a><\/p>","protected":false},"author":3,"featured_media":0,"parent":0,"menu_order":0,"comment_status":"closed","ping_status":"closed","template":"","meta":{"inline_featured_image":false,"footnotes":""},"class_list":["post-462","page","type-page","status-publish","hentry"],"aioseo_notices":[],"_links":{"self":[{"href":"https:\/\/www.norwaycampers.no\/de\/wp-json\/wp\/v2\/pages\/462","targetHints":{"allow":["GET"]}}],"collection":[{"href":"https:\/\/www.norwaycampers.no\/de\/wp-json\/wp\/v2\/pages"}],"about":[{"href":"https:\/\/www.norwaycampers.no\/de\/wp-json\/wp\/v2\/types\/page"}],"author":[{"embeddable":true,"href":"https:\/\/www.norwaycampers.no\/de\/wp-json\/wp\/v2\/users\/3"}],"replies":[{"embeddable":true,"href":"https:\/\/www.norwaycampers.no\/de\/wp-json\/wp\/v2\/comments?post=462"}],"version-history":[{"count":74,"href":"https:\/\/www.norwaycampers.no\/de\/wp-json\/wp\/v2\/pages\/462\/revisions"}],"predecessor-version":[{"id":1034,"href":"https:\/\/www.norwaycampers.no\/de\/wp-json\/wp\/v2\/pages\/462\/revisions\/1034"}],"wp:attachment":[{"href":"https:\/\/www.norwaycampers.no\/de\/wp-json\/wp\/v2\/media?parent=462"}],"curies":[{"name":"wp","href":"https:\/\/api.w.org\/{rel}","templated":true}]}}