{"id":512,"date":"2023-04-28T09:33:51","date_gmt":"2023-04-28T09:33:51","guid":{"rendered":"https:\/\/www.norwaycampers.no\/?page_id=512"},"modified":"2024-11-25T20:52:09","modified_gmt":"2024-11-25T20:52:09","slug":"kontakt-zu-norway-campers","status":"publish","type":"page","link":"https:\/\/www.norwaycampers.no\/de\/kontakt-zu-norway-campers\/","title":{"rendered":"Kontakt zu Norway Campers"},"content":{"rendered":"<div id=\"pl-512\"  class=\"panel-layout\" ><div id=\"pg-512-0\"  class=\"panel-grid panel-no-style\" ><div id=\"pgc-512-0-0\"  class=\"panel-grid-cell\" ><div id=\"panel-512-0-0-0\" class=\"widget_text so-panel widget widget_custom_html panel-first-child\" data-index=\"0\" ><div class=\"textwidget custom-html-widget\"><br><br><h1 style=\"margin-bottom: -40px;\"><span class=\"name_dec_single\" style=\"margin-bottom: 0px; padding-bottom: 0px;\">KONTAKT<\/span><\/h1><br>\n<h2><span style=\"margin-top: 0px; padding-top: 0px;\"><\/span>Haben Sie Fragen zur Anmietung eines Wohnmobils? <\/h2><\/div><\/div><div id=\"panel-512-0-0-1\" class=\"widget_text so-panel widget widget_custom_html panel-last-child\" data-index=\"1\" ><div class=\"textwidget custom-html-widget\">Z\u00f6gern Sie nicht, sich mit uns in Verbindung zu setzen! F\u00fcllen Sie einfach das Kontaktformular auf dieser Website aus, und wir werden uns so schnell wie m\u00f6glich bei Ihnen melden. Wenn Sie sofortige Hilfe ben\u00f6tigen, rufen Sie uns bitte an oder nutzen Sie die Chat-Funktion auf unserer Website. Wir helfen Ihnen gerne dabei, Ihre Wohnmobilmiete reibungslos und angenehm zu gestalten.<\/div><\/div><\/div><\/div><div id=\"pg-512-1\"  class=\"panel-grid panel-no-style\" ><div id=\"pgc-512-1-0\"  class=\"panel-grid-cell\" ><div id=\"panel-512-1-0-0\" class=\"widget_text so-panel widget widget_custom_html panel-first-child panel-last-child\" data-index=\"2\" ><div class=\"textwidget custom-html-widget\"><b>Norwegen Camper<\/b><br><br>\nTelefon: +47 75 80 40 27<br>\nE-Mail: rent@norwaycampers.no<br><br>\nNorway Campers wird betrieben von Arctic Campers AS<br>\nOrganisations-Nr.: 913 256 476<br>\nwww.arcticcampers.no<\/div><\/div><\/div><div id=\"pgc-512-1-1\"  class=\"panel-grid-cell\" ><div id=\"panel-512-1-1-0\" class=\"so-panel widget widget_sow-contact-form panel-first-child\" data-index=\"3\" ><div\n\t\t\t\n\t\t\tclass=\"so-widget-sow-contact-form so-widget-sow-contact-form-default-d20f07229de5-512\"\n\t\t\t\n\t\t>\t<form\n\t\taction=\"\/de\/wp-json\/wp\/v2\/pages\/512\"\n\t\tmethod=\"POST\"\n\t\tclass=\"sow-contact-form\"\n\t\tid=\"contact-form-8d5d\" data-trp-original-action=\"\/de\/wp-json\/wp\/v2\/pages\/512\"\n\t>\n\n\t\t\n\t\t\t\t\t<div class=\"sow-form-field sow-form-field-name\">\n\t\t\t\t<label class=\"sow-form-field-label-above\" for=\"sow-contact-form-field-your-name-1\">\n\t\t\t\t<strong>\n\t\t\t\t\tIhr Name\t\t\t\t\t\t\t\t\t<\/strong>\n\t\t\t<\/label>\n\t\t\t\t\t\t\t<div class=\"sow-field-container\">\n\t\t\t\t\t\t\t<input\n\t\t\ttype=\"text\"\n\t\t\tname=\"your-name-1\"\n\t\t\tid=\"sow-contact-form-field-your-name-1\"\n\t\t\tvalue=\"\"\n\t\t\tclass=\"sow-text-field\"\n\t\t\t\t\t\t\t\t\/>\n\t\t\t\t\t\t<\/div>\n\t\t\t\t\t\t\t<\/div>\n\t\t\t\t\t\t<div class=\"sow-form-field sow-form-field-email\">\n\t\t\t\t<label class=\"sow-form-field-label-above\" for=\"sow-contact-form-field-your-email-1\">\n\t\t\t\t<strong>\n\t\t\t\t\tDeine E-Mail\t\t\t\t\t\t\t\t\t<\/strong>\n\t\t\t<\/label>\n\t\t\t\t\t\t\t<div class=\"sow-field-container\">\n\t\t\t\t\t\t\t<input\n\t\t\ttype=\"email\"\n\t\t\tname=\"your-email-1\"\n\t\t\tid=\"sow-contact-form-field-your-email-1\"\n\t\t\tvalue=\"\"\n\t\t\tclass=\"sow-text-field\"\t\t\t\t\t\t\t\t\/>\n\t\t\t\t\t\t<\/div>\n\t\t\t\t\t\t\t<\/div>\n\t\t\t\t\t\t<div class=\"sow-form-field sow-form-field-textarea\">\n\t\t\t\t<label class=\"sow-form-field-label-above\" for=\"sow-contact-form-field-message-1\">\n\t\t\t\t<strong>\n\t\t\t\t\tNachricht\t\t\t\t\t\t\t\t\t<\/strong>\n\t\t\t<\/label>\n\t\t\t\t\t\t\t<div class=\"sow-field-container\">\n\t\t\t\t\t\t\t<textarea\n\t\t\tname=\"message-1\"\n\t\t\tid=\"sow-contact-form-field-message-1\"\n\t\t\trows=\"10\"\n\t\t\t\t\t\t\t\t><\/textarea>\n\t\t\t\t\t\t<\/div>\n\t\t\t\t\t\t\t<\/div>\n\t\t\t\t\t\t<input\n\t\t\t\ttype=\"text\"\n\t\t\t\tname=\"sow-name\"\n\t\t\t\tclass=\"sow-text-field\"\n\t\t\t\tstyle=\"display: none !important; visibility: hidden !important;\"\n\t\t\t\tautocomplete=\"off\"\n\t\t\t\taria-hidden=\"true\"\n\t\t\t>\n\t\t\n\t\t\n\t\t<div class=\"sow-submit-wrapper \t\tsow-submit-styled\">\n\n\t\t\t<button\n\t\t\t\ttype=\"submit\"\n\t\t\t\tclass=\"sow-submit\"\n\t\t\t\t\t\t\t>\n\t\t\t\tKontakt\t\t\t<\/button>\n\t\t<\/div>\n\t\t\t\t<input\n\t\t\ttype=\"hidden\"\n\t\t\tname=\"instance_hash-1\"\n\t\t\tvalue=\"8d5d4c7f\"\n\t\t\/>\n\n\t\t<input type=\"hidden\" id=\"_wpnonce\" name=\"_wpnonce\" value=\"baa1a2b4a6\" \/><input type=\"hidden\" name=\"_wp_http_referer\" value=\"\/de\/wp-json\/wp\/v2\/pages\/512\" \/>\t<input type=\"hidden\" name=\"trp-form-language\" value=\"de\"\/><\/form>\n\t<\/div><\/div><div id=\"panel-512-1-1-1\" class=\"widget_text so-panel widget widget_custom_html panel-last-child\" data-index=\"4\" ><div class=\"textwidget custom-html-widget\"><br><br>\n<\/div><\/div><\/div><\/div><\/div>","protected":false},"excerpt":{"rendered":"<p>KONTAKT Wir haben Fragen zur Anmietung eines Campers? Z\u00f6gern Sie nicht, uns zu kontaktieren! F\u00fcllen Sie einfach das Kontaktformular auf dieser Seite aus und wir werden uns so schnell wie m\u00f6glich bei Ihnen melden. Wenn Sie ... <a class=\"kt-excerpt-readmore more-link\" href=\"https:\/\/www.norwaycampers.no\/de\/kontakt-zu-norway-campers\/\" aria-label=\"Kontakt zu Norway Campers\">Read More<\/a><\/p>","protected":false},"author":3,"featured_media":0,"parent":0,"menu_order":0,"comment_status":"closed","ping_status":"closed","template":"","meta":{"inline_featured_image":false,"footnotes":""},"class_list":["post-512","page","type-page","status-publish","hentry"],"aioseo_notices":[],"_links":{"self":[{"href":"https:\/\/www.norwaycampers.no\/de\/wp-json\/wp\/v2\/pages\/512","targetHints":{"allow":["GET"]}}],"collection":[{"href":"https:\/\/www.norwaycampers.no\/de\/wp-json\/wp\/v2\/pages"}],"about":[{"href":"https:\/\/www.norwaycampers.no\/de\/wp-json\/wp\/v2\/types\/page"}],"author":[{"embeddable":true,"href":"https:\/\/www.norwaycampers.no\/de\/wp-json\/wp\/v2\/users\/3"}],"replies":[{"embeddable":true,"href":"https:\/\/www.norwaycampers.no\/de\/wp-json\/wp\/v2\/comments?post=512"}],"version-history":[{"count":31,"href":"https:\/\/www.norwaycampers.no\/de\/wp-json\/wp\/v2\/pages\/512\/revisions"}],"predecessor-version":[{"id":897,"href":"https:\/\/www.norwaycampers.no\/de\/wp-json\/wp\/v2\/pages\/512\/revisions\/897"}],"wp:attachment":[{"href":"https:\/\/www.norwaycampers.no\/de\/wp-json\/wp\/v2\/media?parent=512"}],"curies":[{"name":"wp","href":"https:\/\/api.w.org\/{rel}","templated":true}]}}