{"id":614,"date":"2023-05-03T15:23:03","date_gmt":"2023-05-03T15:23:03","guid":{"rendered":"https:\/\/www.norwaycampers.no\/?p=614"},"modified":"2025-02-11T11:29:29","modified_gmt":"2025-02-11T11:29:29","slug":"das-ultimative-vanlife-abenteuer-in-norwegen-wagen","status":"publish","type":"page","link":"https:\/\/www.norwaycampers.no\/de\/das-ultimative-vanlife-abenteuer-in-norwegen-wagen\/","title":{"rendered":"Erleben Sie das ultimative Vanlife-Abenteuer in Norwegen"},"content":{"rendered":"<div id=\"pl-614\"  class=\"panel-layout\" ><div id=\"pg-614-0\"  class=\"panel-grid panel-no-style\" ><div id=\"pgc-614-0-0\"  class=\"panel-grid-cell\" ><div id=\"panel-614-0-0-0\" class=\"widget_text so-panel widget widget_custom_html panel-first-child\" data-index=\"0\" ><div class=\"textwidget custom-html-widget\"><br><br><h1>\n\t<span class=\"name_dec_single\" style=\"margin-bottom: 0px; padding-bottom: 0px;\">Erleben Sie das ultimative Vanlife-Abenteuer in Norwegen<\/span>\n<\/h1>\nNorwegen ist eines der beeindruckendsten Reiseziele der Welt mit atemberaubenden Landschaften, die Ihnen den Atem rauben. Und es gibt keinen besseren Weg, dieses herrliche Land zu erleben als mit einem Wohnmobil. Wir freuen uns, einen Wohnmobil-Vermietungsservice anbieten zu k\u00f6nnen, der nicht nur erschwinglich ist, sondern auch von einem professionellen Unternehmen mit mehr als einem Jahrzehnt Erfahrung in diesem Bereich unterst\u00fctzt wird.\n<br><br><\/div><\/div><div id=\"panel-614-0-0-1\" class=\"so-panel widget widget_sow-image\" data-index=\"1\" ><div\n\t\t\t\n\t\t\tclass=\"so-widget-sow-image so-widget-sow-image-default-8b5b6f678277-614\"\n\t\t\t\n\t\t>\n<div class=\"sow-image-container\">\n\t\t<img \n\tsrc=\"https:\/\/www.norwaycampers.no\/wp-content\/uploads\/2023\/05\/norway-camper-hire.jpg\" width=\"1000\" height=\"563\" srcset=\"https:\/\/www.norwaycampers.no\/wp-content\/uploads\/2023\/05\/norway-camper-hire.jpg 1000w, https:\/\/www.norwaycampers.no\/wp-content\/uploads\/2023\/05\/norway-camper-hire-300x169.jpg 300w, https:\/\/www.norwaycampers.no\/wp-content\/uploads\/2023\/05\/norway-camper-hire-768x432.jpg 768w, https:\/\/www.norwaycampers.no\/wp-content\/uploads\/2023\/05\/norway-camper-hire-720x406.jpg 720w, https:\/\/www.norwaycampers.no\/wp-content\/uploads\/2023\/05\/norway-camper-hire-360x203.jpg 360w\" sizes=\"(max-width: 1000px) 100vw, 1000px\" title=\"1TP7Bild_Titel\" alt=\"Norwegen Campervermietung\" \t\tclass=\"so-widget-image\"\/>\n\t<\/div>\n\n<\/div><\/div><div id=\"panel-614-0-0-2\" class=\"widget_text so-panel widget widget_custom_html\" data-index=\"2\" ><div class=\"textwidget custom-html-widget\"><h2>\nBei Norway Campers dreht sich alles um das Vanlife!\n<\/h2>\nWir haben vor einiger Zeit mit nur drei Wohnmobilen auf den Lofoten angefangen, und jetzt haben wir unsere Flotte vergr\u00f6\u00dfert, um die Bed\u00fcrfnisse von mehr abenteuerlustigen Menschen zu erf\u00fcllen. Au\u00dferdem haben wir weitere Camper-Kategorien geschaffen, damit Sie das Modell w\u00e4hlen k\u00f6nnen, das am besten zu Ihren Bed\u00fcrfnissen passt. Unsere beiden Mietstationen in Oslo und Troms\u00f8 sind die idealen Orte, um den S\u00fcden und Norden Norwegens zu erkunden. Wir sind auch erfahrene Profis, wenn es um Wintervermietung geht, selbst bei extremen arktischen Wetterbedingungen. Alle unsere Wohnmobile sind mit Spikereifen ausgestattet, um das eisige Terrain zu meistern, und alle Vans au\u00dfer dem Basic Camper sind mit einer Webasto-Dieselheizung ausgestattet, damit Sie auch an k\u00fchlen Sommertagen warm und gem\u00fctlich bleiben.<br><br>\n\n<\/div><\/div><div id=\"panel-614-0-0-3\" class=\"so-panel widget widget_sow-image\" data-index=\"3\" ><div\n\t\t\t\n\t\t\tclass=\"so-widget-sow-image so-widget-sow-image-default-8b5b6f678277-614\"\n\t\t\t\n\t\t>\n<div class=\"sow-image-container\">\n\t\t<img \n\tsrc=\"https:\/\/www.norwaycampers.no\/wp-content\/uploads\/2023\/05\/experince-norway-in-campervans.jpg\" width=\"1000\" height=\"563\" srcset=\"https:\/\/www.norwaycampers.no\/wp-content\/uploads\/2023\/05\/experince-norway-in-campervans.jpg 1000w, https:\/\/www.norwaycampers.no\/wp-content\/uploads\/2023\/05\/experince-norway-in-campervans-300x169.jpg 300w, https:\/\/www.norwaycampers.no\/wp-content\/uploads\/2023\/05\/experince-norway-in-campervans-768x432.jpg 768w\" sizes=\"(max-width: 1000px) 100vw, 1000px\" title=\"1TP7Bild_Titel\" alt=\"Norwegen im Wohnmobil\" \t\tclass=\"so-widget-image\"\/>\n\t<\/div>\n\n<\/div><\/div><div id=\"panel-614-0-0-4\" class=\"widget_text so-panel widget widget_custom_html panel-last-child\" data-index=\"4\" ><div class=\"textwidget custom-html-widget\">Wenn Sie Ihr Wohnmobil an einer unserer Vermietstationen abholen, sorgen wir daf\u00fcr, dass Sie f\u00fcr die Reise ger\u00fcstet sind. Unser Shop ist mit Gaskartuschen, biologisch abbaubarer Seife, Trockenfutter f\u00fcr Wanderungen und vielem mehr ausgestattet, damit Sie sicher sein k\u00f6nnen, dass Sie alles haben, was Sie brauchen. Wir bieten auch eine Reihe von Extras an, die Sie online zu Ihrer Reservierung hinzuf\u00fcgen k\u00f6nnen, wie z. B. ein Dachzelt, das Ihnen mehr Schlafplatz bietet.<br><br>\n\nBei Norway Campers dreht sich alles um Vanlife, und wir wollen unseren Kunden ein unvergessliches Erlebnis bieten. Unsere Crew besteht aus eingefleischten Camper- und Vanlife-Enthusiasten, und wir teilen gerne unser lokales Wissen, um Ihnen zu helfen, das Beste aus Ihrem Abenteuer zu machen.<br><br>\n\nMachen Sie sich bereit, Norwegen wie ein Profi zu erkunden - mit einem Wohnmobil von Norway Campers. Buchen Sie jetzt Ihren Mietwagen und machen Sie sich bereit f\u00fcr die Reise Ihres Lebens!<\/div><\/div><\/div><\/div><\/div>","protected":false},"excerpt":{"rendered":"<p>Erleben Sie das ultimative Vanlife-Abenteuer in Norwegen. Norwegen ist eines der epischsten Reiseziele der Welt mit atemberaubenden Landschaften, die Ihnen den Atem rauben werden. Und es gibt keinen besseren Weg, dieses pr\u00e4chtige Land zu erleben als mit einem Camper\u2026 <a class=\"kt-excerpt-readmore more-link\" href=\"https:\/\/www.norwaycampers.no\/de\/das-ultimative-vanlife-abenteuer-in-norwegen-wagen\/\" aria-label=\"Erleben Sie das ultimative Vanlife-Abenteuer in Norwegen\">Read More<\/a><\/p>","protected":false},"author":3,"featured_media":622,"parent":0,"menu_order":0,"comment_status":"open","ping_status":"open","template":"","meta":{"inline_featured_image":false,"footnotes":""},"class_list":["post-614","page","type-page","status-publish","has-post-thumbnail","hentry"],"aioseo_notices":[],"_links":{"self":[{"href":"https:\/\/www.norwaycampers.no\/de\/wp-json\/wp\/v2\/pages\/614","targetHints":{"allow":["GET"]}}],"collection":[{"href":"https:\/\/www.norwaycampers.no\/de\/wp-json\/wp\/v2\/pages"}],"about":[{"href":"https:\/\/www.norwaycampers.no\/de\/wp-json\/wp\/v2\/types\/page"}],"author":[{"embeddable":true,"href":"https:\/\/www.norwaycampers.no\/de\/wp-json\/wp\/v2\/users\/3"}],"replies":[{"embeddable":true,"href":"https:\/\/www.norwaycampers.no\/de\/wp-json\/wp\/v2\/comments?post=614"}],"version-history":[{"count":27,"href":"https:\/\/www.norwaycampers.no\/de\/wp-json\/wp\/v2\/pages\/614\/revisions"}],"predecessor-version":[{"id":910,"href":"https:\/\/www.norwaycampers.no\/de\/wp-json\/wp\/v2\/pages\/614\/revisions\/910"}],"wp:featuredmedia":[{"embeddable":true,"href":"https:\/\/www.norwaycampers.no\/de\/wp-json\/wp\/v2\/media\/622"}],"wp:attachment":[{"href":"https:\/\/www.norwaycampers.no\/de\/wp-json\/wp\/v2\/media?parent=614"}],"curies":[{"name":"wp","href":"https:\/\/api.w.org\/{rel}","templated":true}]}}