{"id":396,"date":"2023-04-28T08:33:36","date_gmt":"2023-04-28T08:33:36","guid":{"rendered":"https:\/\/www.norwaycampers.no\/?page_id=396"},"modified":"2025-12-05T09:39:35","modified_gmt":"2025-12-05T09:39:35","slug":"alquiler-de-autocaravanas-2","status":"publish","type":"page","link":"https:\/\/www.norwaycampers.no\/es\/alquiler-de-autocaravanas-2\/","title":{"rendered":"ALQUILER DE AUTOCARAVANAS"},"content":{"rendered":"<div id=\"pl-396\"  class=\"panel-layout\" ><div id=\"pg-396-0\"  class=\"panel-grid panel-no-style\" ><div id=\"pgc-396-0-0\"  class=\"panel-grid-cell\" ><div id=\"panel-396-0-0-0\" class=\"widget_text so-panel widget widget_custom_html panel-first-child panel-last-child\" data-index=\"0\" ><div class=\"textwidget custom-html-widget\"><br><br><center><h1 style=\"margin-bottom: -40px;\"><span class=\"name_dec_single\" style=\"margin-bottom: 0px; padding-bottom: 0px;\">ENCUENTRE SU AUTOCARAVANA<\/span><\/h1><br>\n<h2><span style=\"margin-top: 0px; padding-top: 0px;\">Alquila tu autocaravana en Oslo o Troms\u00f8.<\/h2><\/center><\/div><\/div><\/div><\/div><div id=\"pg-396-1\"  class=\"panel-grid panel-has-style\" ><div class=\"so-rounded panel-row-style panel-row-style-for-396-1\" ><div id=\"pgc-396-1-0\"  class=\"panel-grid-cell\" ><div id=\"panel-396-1-0-0\" class=\"widget_text so-panel widget widget_custom_html panel-first-child\" data-index=\"1\" ><div class=\"textwidget custom-html-widget\"><br><center><span class=\"names\">CL\u00c1SICO<\/span><br><span class=\"campers\">CAMPER<\/span><\/center><\/div><\/div><div id=\"panel-396-1-0-1\" class=\"widget_text so-panel widget widget_custom_html\" data-index=\"2\" ><div class=\"textwidget custom-html-widget\"><img decoding=\"async\" src=\"https:\/\/www.norwaycampers.no\/wp-content\/uploads\/2025\/12\/camper-classic.svg\" alt=\"Classic Camper\"><\/div><\/div><div id=\"panel-396-1-0-2\" class=\"widget_text so-panel widget widget_custom_html\" data-index=\"3\" ><div class=\"textwidget custom-html-widget\"><center><span class=\"brand\"><i class=\"fak fa-vw\"><\/i><\/span>&nbsp;&nbsp;&nbsp;<span class=\"campers_dec\">CADDY MAXI<hr class=\"price\">\n\t\n<div class=\"grid-container\">\n\t<div class=\"grid-item\"><i class=\"fa-solid fa-gears\"><\/i><\/div>\n<div class=\"grid-item\">AUTOM\u00c1TICO<\/div>\n<div class=\"grid-item\"><i class=\"fa-solid fa-person-simple\"><\/i><\/div>\n<div class=\"grid-item\">ASIENTOS 2<\/div>\n<div class=\"grid-item\"><i class=\"fa-solid fa-bed\"><\/i><\/div>  \n<div class=\"grid-item\">DUERME 2<\/div>\n<div class=\"grid-item\"><i class=\"fa-solid fa-heat\"><\/i><\/div>\n<div class=\"grid-item\">CALENTADOR<\/div>\n\n<\/div>\t\t\n\t\n\t<hr class=\"price\">\n\tde<br><\/span><span class=\"campers_price\">860 kr.<\/span><br><span class=\"price_explain\">(74 EUR o\n81 USD)<\/span><br><span class=\"campers_dec\">por d\u00eda<\/span><br><span class=\"price_explain\"><span class='tooltipsall tooltip_post_id_custom_fda8d093d3debff6b449f8c48de0d8ca classtoolTipsCustomShortCode' style='border-bottom:2px dotted #888;'>*informaci\u00f3n sobre precios<\/span><script type=\"text\/javascript\">jQuery(\"document\").ready(function(){ toolTips('.tooltip_post_id_custom_fda8d093d3debff6b449f8c48de0d8ca','Pay a daily rate of 860 kr\\. when you book this van for more than 21 days during our low season\\. The daily rate will adjust based on your travel season and rental period length\\. Service and toll road fees will also apply\\.'); });<\/script><\/span><\/center>\n<\/div><\/div><div id=\"panel-396-1-0-3\" class=\"so-panel widget widget_sow-button panel-last-child\" data-index=\"4\" ><div\n\t\t\t\n\t\t\tclass=\"so-widget-sow-button so-widget-sow-button-wire-a1a829ef4975-396\"\n\t\t\t\n\t\t><div class=\"ow-button-base ow-button-align-center\"\n>\n\t\t\t<a\n\t\t\t\t\thref=\"https:\/\/www.norwaycampers.no\/es\/camper-clasico\/\"\n\t\t\t\t\tclass=\"sowb-button ow-icon-placement-left ow-button-hover\" \t>\n\t\t<span>\n\t\t\t\n\t\t\tVER M\u00c1S\t\t<\/span>\n\t\t\t<\/a>\n\t<\/div>\n<\/div><\/div><\/div><div id=\"pgc-396-1-1\"  class=\"panel-grid-cell\" ><div id=\"panel-396-1-1-0\" class=\"widget_text so-panel widget widget_custom_html panel-first-child\" data-index=\"5\" ><div class=\"textwidget custom-html-widget\"><br><center><span class=\"names\">GRAND 4WD<\/span><br><span class=\"campers\">CAMPER<\/span><\/center><\/div><\/div><div id=\"panel-396-1-1-1\" class=\"widget_text so-panel widget widget_custom_html\" data-index=\"6\" ><div class=\"textwidget custom-html-widget\"><img decoding=\"async\" src=\"https:\/\/www.norwaycampers.no\/wp-content\/uploads\/2025\/12\/camper-grand.svg\" alt=\"Gran Camper 4x4\"><\/div><\/div><div id=\"panel-396-1-1-2\" class=\"widget_text so-panel widget widget_custom_html\" data-index=\"7\" ><div class=\"textwidget custom-html-widget\"><center><span class=\"brand\"><i class=\"fak fa-vw\"><\/i><\/span>&nbsp;&nbsp;&nbsp;<span class=\"campers_dec\">TRANSPORTADOR 4X4<hr class=\"price\">\n\t\n<div class=\"grid-container\">\n\t<div class=\"grid-item\"><i class=\"fa-solid fa-gears\"><\/i><\/div>\n<div class=\"grid-item\">AUTOM\u00c1TICO<\/div>\n<div class=\"grid-item\"><i class=\"fa-solid fa-person-simple\"><\/i><\/div>\n<div class=\"grid-item\">ASIENTOS 3<\/div>\n<div class=\"grid-item\"><i class=\"fa-solid fa-bed\"><\/i><\/div>  \n<div class=\"grid-item\">DUERME 3<\/div>\n<div class=\"grid-item\"><i class=\"fa-solid fa-heat\"><\/i><\/div>\n<div class=\"grid-item\">CALENTADOR<\/div>\n\n<\/div>\t\t\n\t\n\t<hr class=\"price\">\n\tde<br><\/span><span class=\"campers_price\">1.098 kr.<\/span><br><span class=\"price_explain\">(95 EUR o\n103 USD)<\/span><br><span class=\"campers_dec\">por d\u00eda<\/span><br><span class=\"price_explain\"><span class='tooltipsall tooltip_post_id_custom_ff701d0d3fd65293c942b1594f77c801 classtoolTipsCustomShortCode' style='border-bottom:2px dotted #888;'>*informaci\u00f3n sobre precios<\/span><script type=\"text\/javascript\">jQuery(\"document\").ready(function(){ toolTips('.tooltip_post_id_custom_ff701d0d3fd65293c942b1594f77c801','Pay a daily rate of 1\\.098 kr\\. when you book this van for more than 21 days during our low season\\. The daily rate will adjust based on your travel season and rental period length\\. Service and toll road fees will also apply\\.'); });<\/script><\/span><\/center>\n<\/div><\/div><div id=\"panel-396-1-1-3\" class=\"so-panel widget widget_sow-button panel-last-child\" data-index=\"8\" ><div\n\t\t\t\n\t\t\tclass=\"so-widget-sow-button so-widget-sow-button-wire-a1a829ef4975-396\"\n\t\t\t\n\t\t><div class=\"ow-button-base ow-button-align-center\"\n>\n\t\t\t<a\n\t\t\t\t\thref=\"https:\/\/www.norwaycampers.no\/es\/gran-caravana\/\"\n\t\t\t\t\tclass=\"sowb-button ow-icon-placement-left ow-button-hover\" \t>\n\t\t<span>\n\t\t\t\n\t\t\tVER M\u00c1S\t\t<\/span>\n\t\t\t<\/a>\n\t<\/div>\n<\/div><\/div><\/div><div id=\"pgc-396-1-2\"  class=\"panel-grid-cell\" ><div id=\"panel-396-1-2-0\" class=\"widget_text so-panel widget widget_custom_html panel-first-child\" data-index=\"9\" ><div class=\"textwidget custom-html-widget\"><br><center><span class=\"names\">SAL\u00d3N<\/span><br><span class=\"campers\">CAMPER<\/span><\/center><\/div><\/div><div id=\"panel-396-1-2-1\" class=\"widget_text so-panel widget widget_custom_html\" data-index=\"10\" ><div class=\"textwidget custom-html-widget\"><img decoding=\"async\" src=\"https:\/\/www.norwaycampers.no\/wp-content\/uploads\/2025\/12\/camper-saloon.svg\" alt=\"Sal\u00f3n Camper\"><\/div><\/div><div id=\"panel-396-1-2-2\" class=\"widget_text so-panel widget widget_custom_html\" data-index=\"11\" ><div class=\"textwidget custom-html-widget\"><center><span class=\"brand\"><i class=\"fak fa-opel\"><\/i><\/span>&nbsp;&nbsp;&nbsp;<span class=\"campers_dec\">VIVARO<hr class=\"price\">\n\t\n<div class=\"grid-container\">\n\t<div class=\"grid-item\"><i class=\"fa-solid fa-gears\"><\/i><\/div>\n<div class=\"grid-item\">MANUAL<\/div>\n<div class=\"grid-item\"><i class=\"fa-solid fa-person-simple\"><\/i><\/div>\n<div class=\"grid-item\">ASIENTOS 3<\/div>\n<div class=\"grid-item\"><i class=\"fa-solid fa-bed\"><\/i><\/div>  \n<div class=\"grid-item\">DUERME 3<\/div>\n<div class=\"grid-item\"><i class=\"fa-solid fa-heat\"><\/i><\/div>\n<div class=\"grid-item\">CALENTADOR<\/div>\n<\/div>\t\t\n\t\n\t<hr class=\"price\">\n\tde<br><\/span><span class=\"campers_price\">1.098 kr.<\/span><br><span class=\"price_explain\">(95 EUR o\n103 USD)<\/span><br><span class=\"campers_dec\">por d\u00eda<\/span><br><span class=\"price_explain\"><span class='tooltipsall tooltip_post_id_custom_f6c10dd944db72f049fce6cc21cf6c5a classtoolTipsCustomShortCode' style='border-bottom:2px dotted #888;'>*informaci\u00f3n sobre precios<\/span><script type=\"text\/javascript\">jQuery(\"document\").ready(function(){ toolTips('.tooltip_post_id_custom_f6c10dd944db72f049fce6cc21cf6c5a','Pay a daily rate of 1\\.098 kr\\. when you book this van for more than 21 days during our low season\\. The daily rate will adjust based on your travel season and rental period length\\. Service and toll road fees will also apply\\.'); });<\/script><\/span><\/center>\n<\/div><\/div><div id=\"panel-396-1-2-3\" class=\"so-panel widget widget_sow-button panel-last-child\" data-index=\"12\" ><div\n\t\t\t\n\t\t\tclass=\"so-widget-sow-button so-widget-sow-button-wire-83adc3934c06-396\"\n\t\t\t\n\t\t><div class=\"ow-button-base ow-button-align-center\"\n>\n\t\t\t<a\n\t\t\t\t\thref=\"https:\/\/www.norwaycampers.no\/es\/berlina-camper\/\"\n\t\t\t\t\tclass=\"sowb-button ow-icon-placement-left ow-button-hover\" \t>\n\t\t<span>\n\t\t\t\n\t\t\tVER M\u00c1S\t\t<\/span>\n\t\t\t<\/a>\n\t<\/div>\n<\/div><\/div><\/div><div id=\"pgc-396-1-3\"  class=\"panel-grid-cell\" ><div class=\"panel-cell-style panel-cell-style-for-396-1-3\" ><div id=\"panel-396-1-3-0\" class=\"widget_text so-panel widget widget_custom_html panel-first-child\" data-index=\"13\" ><div class=\"textwidget custom-html-widget\"><br><center><span class=\"names\">ATLAS 4X4<\/span><br><span class=\"campers\">CAMPER<\/span><\/center><\/div><\/div><div id=\"panel-396-1-3-1\" class=\"widget_text so-panel widget widget_custom_html\" data-index=\"14\" ><div class=\"textwidget custom-html-widget\"><img decoding=\"async\" src=\"https:\/\/www.norwaycampers.no\/wp-content\/uploads\/2025\/12\/camper-atlas-1.svg\" alt=\"Atlas 4x4 Camper\"><\/div><\/div><div id=\"panel-396-1-3-2\" class=\"widget_text so-panel widget widget_custom_html\" data-index=\"15\" ><div class=\"textwidget custom-html-widget\"><center><span class=\"brand\"><i class=\"fak fa-vw\"><\/i><\/span>&nbsp;&nbsp;&nbsp;<span class=\"campers_dec\">CRAFTER 4WD<hr class=\"price\">\n<div class=\"grid-container\">\n\t<div class=\"grid-item\"><i class=\"fa-solid fa-gears\"><\/i><\/div>\n<div class=\"grid-item\">AUTOM\u00c1TICO<\/div>\n<div class=\"grid-item\"><i class=\"fa-solid fa-person-simple\"><\/i><\/div>\n<div class=\"grid-item\">ASIENTOS 3<\/div>\n<div class=\"grid-item\"><i class=\"fa-solid fa-bed\"><\/i><\/div>  \n<div class=\"grid-item\">DUERME 3<\/div>\n<div class=\"grid-item\"><i class=\"fa-solid fa-heat\"><\/i><\/div>\n<div class=\"grid-item\">CALENTADOR<\/div>\n\n<\/div>\t\t\n\n\t<hr class=\"price\">\n\tde <\/span><br><span class=\"campers_price\">1589 kr.<\/span><br><span class=\"price_explain\">(137 EUR o\n149 USD)<\/span><br><span class=\"campers_dec\">por d\u00eda <\/span><br><span class=\"price_explain\"><span class='tooltipsall tooltip_post_id_custom_9c74a12df8421f4b8eaf7046cfafd02a classtoolTipsCustomShortCode' style='border-bottom:2px dotted #888;'>*informaci\u00f3n sobre precios<\/span><script type=\"text\/javascript\">jQuery(\"document\").ready(function(){ toolTips('.tooltip_post_id_custom_9c74a12df8421f4b8eaf7046cfafd02a','Pay a daily rate of 1589 kr\\. when you book this van for more than 21 days during our low season\\. The daily rate will adjust based on your travel season and rental period length\\. Service and toll road fees will also apply\\.'); });<\/script><\/span><\/center>\n<\/div><\/div><div id=\"panel-396-1-3-3\" class=\"so-panel widget widget_sow-button panel-last-child\" data-index=\"16\" ><div\n\t\t\t\n\t\t\tclass=\"so-widget-sow-button so-widget-sow-button-wire-a1a829ef4975-396\"\n\t\t\t\n\t\t><div class=\"ow-button-base ow-button-align-center\"\n>\n\t\t\t<a\n\t\t\t\t\thref=\"https:\/\/www.norwaycampers.no\/es\/caravana-atlas-4x4\/\"\n\t\t\t\t\tclass=\"sowb-button ow-icon-placement-left ow-button-hover\" \t>\n\t\t<span>\n\t\t\t\n\t\t\tVER M\u00c1S\t\t<\/span>\n\t\t\t<\/a>\n\t<\/div>\n<\/div><\/div><\/div><\/div><\/div><\/div><div id=\"pg-396-2\"  class=\"panel-grid panel-has-style\" ><div class=\"so-rounded panel-row-style panel-row-style-for-396-2\" ><div id=\"pgc-396-2-0\"  class=\"panel-grid-cell\" ><div id=\"panel-396-2-0-0\" class=\"widget_text so-panel widget widget_custom_html panel-first-child\" data-index=\"17\" ><div class=\"textwidget custom-html-widget\"><br><center><span class=\"names\">HOGAR VIKINGO<\/span><br><span class=\"campers\">MOTORHOME<\/span><\/center><\/div><\/div><div id=\"panel-396-2-0-1\" class=\"widget_text so-panel widget widget_custom_html\" data-index=\"18\" ><div class=\"textwidget custom-html-widget\"><center><span class=\"brand\"><i class=\"fak fa-fiat\"><\/i><\/span>&nbsp;&nbsp;&nbsp;<span class=\"campers_dec\">DUCATO<hr class=\"motorhome\">\n<div class=\"grid-container\">\n\t<div class=\"grid-item\"><i class=\"fa-solid fa-gears\"><\/i><\/div>\n<div class=\"grid-item\">AUTOM\u00c1TICO<\/div>\n<div class=\"grid-item\"><i class=\"fa-solid fa-person-simple\"><\/i><\/div>\n<div class=\"grid-item\">ASIENTOS 4<\/div>\n<div class=\"grid-item\"><i class=\"fa-solid fa-bed\"><\/i><\/div>  \n<div class=\"grid-item\">DUERME 4<\/div>\n<div class=\"grid-item\"><i class=\"fa-solid fa-snowflake\"><\/i><\/div>\n<div class=\"grid-item\">CALENTADOR<\/div>\n<div class=\"grid-item\"><i class=\"fa-solid fa-shower\"><\/i><\/div>\n<div class=\"grid-item\">DUCHA<\/div>\n\t<div class=\"grid-item\"><i class=\"fa-solid fa-toilet\"><\/i><\/div>\n<div class=\"grid-item\">WC<\/div>\n<\/div>\t\t\n\n\t<hr class=\"motorhome\">\n\tde <\/span><br><span class=\"campers_price\">1.980 kr.<\/span><br><span class=\"price_explain\">(171 EUR o\n186 USD)<\/span><br><span class=\"campers_dec\">por d\u00eda <\/span><br><span class=\"price_explain\"><span class='tooltipsall tooltip_post_id_custom_e2350ac914c828ec44a351af30d2d521 classtoolTipsCustomShortCode' style='border-bottom:2px dotted #888;'>*informaci\u00f3n sobre precios<\/span><script type=\"text\/javascript\">jQuery(\"document\").ready(function(){ toolTips('.tooltip_post_id_custom_e2350ac914c828ec44a351af30d2d521','Pay a daily rate of 1\\.980 kr\\. when you book this van for more than 21 days during our low season\\. The daily rate will adjust based on your travel season and rental period length\\. Service and toll road fees will also apply\\.'); });<\/script><\/span><\/center>\n<\/div><\/div><div id=\"panel-396-2-0-2\" class=\"so-panel widget widget_sow-button panel-last-child\" data-index=\"19\" ><div\n\t\t\t\n\t\t\tclass=\"so-widget-sow-button so-widget-sow-button-wire-a1a829ef4975-396\"\n\t\t\t\n\t\t><div class=\"ow-button-base ow-button-align-center\"\n>\n\t\t\t<a\n\t\t\t\t\thref=\"https:\/\/www.norwaycampers.no\/es\/casa-vikinga\/\"\n\t\t\t\t\tclass=\"sowb-button ow-icon-placement-left ow-button-hover\" \t>\n\t\t<span>\n\t\t\t\n\t\t\tVER M\u00c1S\t\t<\/span>\n\t\t\t<\/a>\n\t<\/div>\n<\/div><\/div><\/div><div id=\"pgc-396-2-1\"  class=\"panel-grid-cell\" ><div id=\"panel-396-2-1-0\" class=\"widget_text so-panel widget widget_custom_html panel-first-child\" data-index=\"20\" ><div class=\"textwidget custom-html-widget\"><br><br><br><br><br><br><\/div><\/div><div id=\"panel-396-2-1-1\" class=\"so-panel widget widget_sow-image\" data-index=\"21\" ><div\n\t\t\t\n\t\t\tclass=\"so-widget-sow-image so-widget-sow-image-default-c67d20f9f743-396\"\n\t\t\t\n\t\t>\n<div class=\"sow-image-container\">\n\t\t\t<a href=\"https:\/\/www.norwaycampers.no\/es\/camper-clasico\/\"\n\t\t\t\t\t>\n\t\t\t<img \n\tsrc=\"https:\/\/www.norwaycampers.no\/wp-content\/uploads\/2025\/05\/viking-home.png\" width=\"1024\" height=\"534\" srcset=\"https:\/\/www.norwaycampers.no\/wp-content\/uploads\/2025\/05\/viking-home.png 1024w, https:\/\/www.norwaycampers.no\/wp-content\/uploads\/2025\/05\/viking-home-300x156.png 300w, https:\/\/www.norwaycampers.no\/wp-content\/uploads\/2025\/05\/viking-home-768x401.png 768w\" sizes=\"(max-width: 1024px) 100vw, 1024px\" alt=\"\" \t\tclass=\"so-widget-image\"\/>\n\t\t\t<\/a><\/div>\n\n<\/div><\/div><div id=\"panel-396-2-1-2\" class=\"widget_text so-panel widget widget_custom_html panel-last-child\" data-index=\"22\" ><div class=\"textwidget custom-html-widget\"><center><span class=\"price_explain\">*La CASA VIKING s\u00f3lo se alquila en Troms\u00f8 en 2025.\n<\/span><\/center><\/div><\/div><\/div><\/div><\/div><div id=\"pg-396-3\"  class=\"panel-grid panel-no-style\" ><div id=\"pgc-396-3-0\"  class=\"panel-grid-cell\" ><div id=\"panel-396-3-0-0\" class=\"widget_text so-panel widget widget_custom_html panel-first-child panel-last-child\" data-index=\"23\" ><div class=\"textwidget custom-html-widget\">Bienvenido a Norway Campers, su servicio integral de alquiler de autocaravanas de bajo coste para explorar la impresionante belleza de Noruega con comodidad y estilo. Nuestra amplia gama de autocaravanas modernas y totalmente equipadas le permite disfrutar de los pintorescos fiordos, las majestuosas monta\u00f1as y la naturaleza virgen a su propio ritmo sin arruinarse.<\/div><\/div><\/div><div id=\"pgc-396-3-1\"  class=\"panel-grid-cell\" ><div id=\"panel-396-3-1-0\" class=\"widget_text so-panel widget widget_custom_html panel-first-child\" data-index=\"24\" ><div class=\"textwidget custom-html-widget\">Elija entre nuestra variada flota de autocaravanas econ\u00f3micas, adaptadas a las necesidades de cada viajero para explorar Noruega. Haga clic en cada modelo para descubrir m\u00e1s sobre sus caracter\u00edsticas y comodidades \u00fanicas. Emb\u00e1rquese en su inolvidable aventura noruega con Norway Campers desde Oslo o Troms\u00f8.<\/div><\/div><div id=\"panel-396-3-1-1\" class=\"widget_text so-panel widget widget_custom_html panel-last-child\" data-index=\"25\" ><div class=\"textwidget custom-html-widget\"><br><br><\/div><\/div><\/div><\/div><\/div>","protected":false},"excerpt":{"rendered":"<p>FIND YOUR CAMPER VAN Rent you camper in Oslo or Troms\u00f8.CLASSICCAMPER&nbsp;&nbsp;&nbsp;CADDY MAXI AUTOMATIC SEATS 2 SLEEPS 2 HEATER from860 kr.(74 EUR or 81 USD)per day*price information SEE MORE GRAND 4WDCAMPER&nbsp;&nbsp;&nbsp;TRANSPORTER 4WD AUTOMATIC SEATS 3 SLEEPS 3 HEATER from1.098 kr.(95 EUR &hellip; <a class=\"kt-excerpt-readmore more-link\" href=\"https:\/\/www.norwaycampers.no\/es\/alquiler-de-autocaravanas-2\/\" aria-label=\"ALQUILER DE AUTOCARAVANAS\">Leer m\u00e1s<\/a><\/p>","protected":false},"author":3,"featured_media":0,"parent":0,"menu_order":0,"comment_status":"closed","ping_status":"closed","template":"","meta":{"inline_featured_image":false,"footnotes":""},"class_list":["post-396","page","type-page","status-publish","hentry"],"aioseo_notices":[],"_links":{"self":[{"href":"https:\/\/www.norwaycampers.no\/es\/wp-json\/wp\/v2\/pages\/396","targetHints":{"allow":["GET"]}}],"collection":[{"href":"https:\/\/www.norwaycampers.no\/es\/wp-json\/wp\/v2\/pages"}],"about":[{"href":"https:\/\/www.norwaycampers.no\/es\/wp-json\/wp\/v2\/types\/page"}],"author":[{"embeddable":true,"href":"https:\/\/www.norwaycampers.no\/es\/wp-json\/wp\/v2\/users\/3"}],"replies":[{"embeddable":true,"href":"https:\/\/www.norwaycampers.no\/es\/wp-json\/wp\/v2\/comments?post=396"}],"version-history":[{"count":36,"href":"https:\/\/www.norwaycampers.no\/es\/wp-json\/wp\/v2\/pages\/396\/revisions"}],"predecessor-version":[{"id":993,"href":"https:\/\/www.norwaycampers.no\/es\/wp-json\/wp\/v2\/pages\/396\/revisions\/993"}],"wp:attachment":[{"href":"https:\/\/www.norwaycampers.no\/es\/wp-json\/wp\/v2\/media?parent=396"}],"curies":[{"name":"wp","href":"https:\/\/api.w.org\/{rel}","templated":true}]}}