{"id":462,"date":"2023-04-28T08:54:48","date_gmt":"2023-04-28T08:54:48","guid":{"rendered":"https:\/\/www.norwaycampers.no\/?page_id=462"},"modified":"2026-03-04T11:38:42","modified_gmt":"2026-03-04T11:38:42","slug":"alquiler-de-autocaravanas","status":"publish","type":"page","link":"https:\/\/www.norwaycampers.no\/es\/alquiler-de-autocaravanas\/","title":{"rendered":"Alquiler de autocaravanas en Noruega"},"content":{"rendered":"<div id=\"pl-462\"  class=\"panel-layout\" ><div id=\"pg-462-0\"  class=\"panel-grid panel-no-style\" ><div id=\"pgc-462-0-0\"  class=\"panel-grid-cell\" ><div id=\"panel-462-0-0-0\" class=\"widget_text so-panel widget widget_custom_html panel-first-child\" data-index=\"0\" ><div class=\"textwidget custom-html-widget\"><br><br><h1 style=\"margin-bottom: -40px;\"><span class=\"name_dec_single\" style=\"margin-bottom: 0px; padding-bottom: 0px;\">ALQUILER DE AUTOCARAVANAS EN OSLO<\/span><\/h1><br>\n<h2><span style=\"margin-top: 0px; padding-top: 0px;\"><\/span>NORWAY CAMPERS OSLO<\/h2>\n<hr>\nA 10 minutos del aeropuerto Gardermoen de Oslo. Le ofrecemos un servicio de transporte gratuito desde el aeropuerto o la estaci\u00f3n de ferrocarril de Eidsvoll Verk los d\u00edas laborables de 08.00 a 18.00 horas y los s\u00e1bados de 08.00 a 15.00 horas.\n<br><br>\n<b>Campistas de Noruega<\/b><br>\nSundbyvegen 3<br>\n2032 Maura<br>\nNoruega\n<br><br>\nCorreo electr\u00f3nico: oslo@norwaycampers.no<br>\nTel: +47 75 80 40 27<br><br>\n\nHorario de apertura: De 8 a 21 h. todos los d\u00edas (18 a 21 h. + recargo)<br>\nServicio de transporte gratuito: de 8 a 18 horas los d\u00edas laborables \/ s\u00e1bados de 8 a 15 horas<br>\nEntrega de llaves: 24\/7 (sin servicio de lanzadera)<br><br><\/div><\/div><div id=\"panel-462-0-0-1\" class=\"so-panel widget widget_sow-google-map\" data-index=\"1\" ><div\n\t\t\t\n\t\t\tclass=\"so-widget-sow-google-map so-widget-sow-google-map-default-6b23895f316e-462\"\n\t\t\t\n\t\t>\n<div class=\"sow-google-map-canvas\"\n\tstyle=\"\"\n\tid=\"map-canvas-b8739f70353a1000e11a4a4eaa8978b5\"\n\tdata-options=\"{&quot;address&quot;:&quot;60.26744840000001, 11.0999264&quot;,&quot;zoom&quot;:11,&quot;mobileZoom&quot;:11,&quot;gestureHandling&quot;:&quot;greedy&quot;,&quot;disableUi&quot;:false,&quot;markerIcon&quot;:false,&quot;markersDraggable&quot;:false,&quot;markerAtCenter&quot;:true,&quot;markerInfoDisplay&quot;:&quot;click&quot;,&quot;markerInfoMultiple&quot;:true,&quot;markerPositions&quot;:false,&quot;mapName&quot;:false,&quot;mapStyles&quot;:false,&quot;directions&quot;:&quot;&quot;,&quot;apiKey&quot;:&quot;AIzaSyDH3T58DpNEbfh06zVK6kZHAovJsH_4JRE&quot;,&quot;breakpoint&quot;:780,&quot;id&quot;:&quot;69e7c4&quot;}\"\n\tdata-fallback-image=\"{&quot;img&quot;:&quot;&quot;}\"><\/div>\n<\/div><\/div><div id=\"panel-462-0-0-2\" class=\"widget_text so-panel widget widget_custom_html panel-last-child\" data-index=\"2\" ><div class=\"textwidget custom-html-widget\"><br><h2><span style=\"font-size: 22px;\">Servicio de recogida en el aeropuerto de Oslo<\/span><\/h2><br>Cuando recupere su equipaje y pase la aduana, p\u00f3ngase en contacto con nuestra oficina de Oslo llamando al +47 75 80 40 27 para iniciar el servicio de transporte en coche. El servicio de lanzadera funciona entre las 8 y las 18 horas. Dir\u00edjase a la planta superior (Salidas) y dir\u00edjase a la entrada 6, 7 u 8, donde le esperaremos fuera. Nuestra furgoneta amarilla le recoger\u00e1 en unos minutos.<br><br>\n\nTambi\u00e9n podemos organizar la recogida en la estaci\u00f3n de tren de Eidsvoll Verk (a la que se puede llegar en los trenes R11 o L12 desde Oslo) o en uno de los hoteles del aeropuerto de Gardermoen. Para programar la recogida en cualquiera de estos lugares, env\u00edenos un correo electr\u00f3nico a oslo@norwaycampers.no.<br><br>\n\nTenga en cuenta que el traslado de vuelta no est\u00e1 incluido en este servicio. No obstante, haremos todo lo posible por proporcionarle un servicio de traslado a la estaci\u00f3n de tren o al aeropuerto si lo solicita, sujeto a disponibilidad.<br><br><br><\/div><\/div><\/div><div id=\"pgc-462-0-1\"  class=\"panel-grid-cell panel-grid-cell-empty\" ><\/div><div id=\"pgc-462-0-2\"  class=\"panel-grid-cell\" ><div id=\"panel-462-0-2-0\" class=\"widget_text so-panel widget widget_custom_html panel-first-child\" data-index=\"3\" ><div class=\"textwidget custom-html-widget\"><br><br><h2 style=\"margin-bottom: -40px;\"><span class=\"name_dec_single\" style=\"margin-bottom: 0px; padding-bottom: 0px;\">ALQUILER DE AUTOCARAVANAS TROMS\u00d8<\/span><\/h2><br>\n<h2><span style=\"margin-top: 0px; padding-top: 0px;\"><\/span>NORWAY CAMPERS TROMS\u00d8<\/h2>\n<hr>\nNuestro dep\u00f3sito en Troms\u00f8 est\u00e1 a 5 minutos del aeropuerto. Puedes reservar una recogida en el aeropuerto como extra, o tomar un taxi (aprox. 190 NOK) o caminar (aprox. 1 hora).\n<br><br><br>\n<b>Campistas de Noruega<\/b><br>\nSalar\u00f8yvegen 159<br>\n9103 Kval\u00f8ysletta<br>\nNoruega\n<br><br>\nCorreo electr\u00f3nico: tromso@norwaycampers.no<br>\nTel: +47 75 80 40 27<br><br>\n\nHorario de apertura: De 8 a 21 h. todos los d\u00edas (18 a 21 h. + recargo)<br>\nRecogida en el aeropuerto: 8 - 21 horas todos los d\u00edas (reservar como servicio extra)<br>\nKey drop: 24\/7<br><br><\/div><\/div><div id=\"panel-462-0-2-1\" class=\"so-panel widget widget_sow-google-map\" data-index=\"4\" ><div\n\t\t\t\n\t\t\tclass=\"so-widget-sow-google-map so-widget-sow-google-map-default-6b23895f316e-462\"\n\t\t\t\n\t\t>\n<div class=\"sow-google-map-canvas\"\n\tstyle=\"\"\n\tid=\"map-canvas-5c4313c9932559187172745030f5e427\"\n\tdata-options=\"{&quot;address&quot;:&quot;Norway Campers Troms\\u00f8&quot;,&quot;zoom&quot;:12,&quot;mobileZoom&quot;:12,&quot;gestureHandling&quot;:&quot;greedy&quot;,&quot;disableUi&quot;:&quot;&quot;,&quot;markerIcon&quot;:false,&quot;markersDraggable&quot;:false,&quot;markerAtCenter&quot;:true,&quot;markerInfoDisplay&quot;:&quot;click&quot;,&quot;markerInfoMultiple&quot;:true,&quot;markerPositions&quot;:false,&quot;mapName&quot;:false,&quot;mapStyles&quot;:false,&quot;directions&quot;:&quot;&quot;,&quot;apiKey&quot;:&quot;AIzaSyDH3T58DpNEbfh06zVK6kZHAovJsH_4JRE&quot;,&quot;breakpoint&quot;:780,&quot;id&quot;:&quot;69e7c4&quot;}\"\n\tdata-fallback-image=\"{&quot;img&quot;:&quot;&quot;}\"><\/div>\n<\/div><\/div><div id=\"panel-462-0-2-2\" class=\"widget_text so-panel widget widget_custom_html panel-last-child\" data-index=\"5\" ><div class=\"textwidget custom-html-widget\"><br><h2><span style=\"font-size: 22px;\">Servicio de recogida en el aeropuerto de Troms\u00f8<\/span><\/h2><br>Tenga en cuenta que si desea que le recojamos en el aeropuerto de Troms\u00f8 y le llevemos a nuestra oficina de alquiler, deber\u00e1 reservar este servicio como extra. Cuando recojas tu equipaje y pases la aduana, ponte en contacto con nuestra oficina de Troms\u00f8 llamando al +47 75 80 40 27 para iniciar la recogida en el aeropuerto. Nuestro agente de alquiler le dar\u00e1 m\u00e1s instrucciones sobre c\u00f3mo proceder con el proceso de recogida.<br><br>\n\n<\/div><\/div><\/div><\/div><\/div>","protected":false},"excerpt":{"rendered":"<p>CAMPER RENTAL OSLO NORWAY CAMPERS OSLO 10 Minutes away from Oslo Gardermoen Airport. For your pick up we are offering a free shuttle service from the airport or the train station Eidsvoll Verk weekdays from 08 &#8211; 18 o&#8217;clock and &hellip; <a class=\"kt-excerpt-readmore more-link\" href=\"https:\/\/www.norwaycampers.no\/es\/alquiler-de-autocaravanas\/\" aria-label=\"Alquiler de autocaravanas en Noruega\">Leer m\u00e1s<\/a><\/p>","protected":false},"author":3,"featured_media":0,"parent":0,"menu_order":0,"comment_status":"closed","ping_status":"closed","template":"","meta":{"inline_featured_image":false,"footnotes":""},"class_list":["post-462","page","type-page","status-publish","hentry"],"aioseo_notices":[],"_links":{"self":[{"href":"https:\/\/www.norwaycampers.no\/es\/wp-json\/wp\/v2\/pages\/462","targetHints":{"allow":["GET"]}}],"collection":[{"href":"https:\/\/www.norwaycampers.no\/es\/wp-json\/wp\/v2\/pages"}],"about":[{"href":"https:\/\/www.norwaycampers.no\/es\/wp-json\/wp\/v2\/types\/page"}],"author":[{"embeddable":true,"href":"https:\/\/www.norwaycampers.no\/es\/wp-json\/wp\/v2\/users\/3"}],"replies":[{"embeddable":true,"href":"https:\/\/www.norwaycampers.no\/es\/wp-json\/wp\/v2\/comments?post=462"}],"version-history":[{"count":74,"href":"https:\/\/www.norwaycampers.no\/es\/wp-json\/wp\/v2\/pages\/462\/revisions"}],"predecessor-version":[{"id":1034,"href":"https:\/\/www.norwaycampers.no\/es\/wp-json\/wp\/v2\/pages\/462\/revisions\/1034"}],"wp:attachment":[{"href":"https:\/\/www.norwaycampers.no\/es\/wp-json\/wp\/v2\/media?parent=462"}],"curies":[{"name":"wp","href":"https:\/\/api.w.org\/{rel}","templated":true}]}}