{"id":830,"date":"2024-09-12T05:36:03","date_gmt":"2024-09-12T05:36:03","guid":{"rendered":"https:\/\/www.norwaycampers.no\/?page_id=830"},"modified":"2024-09-12T09:00:33","modified_gmt":"2024-09-12T09:00:33","slug":"larctique-en-camping-car","status":"publish","type":"page","link":"https:\/\/www.norwaycampers.no\/fr\/larctique-en-camping-car\/","title":{"rendered":"L'Arctique en camping-car"},"content":{"rendered":"<div id=\"pl-830\"  class=\"panel-layout\" ><div id=\"pg-830-0\"  class=\"panel-grid panel-no-style\" ><div id=\"pgc-830-0-0\"  class=\"panel-grid-cell\" ><div id=\"panel-830-0-0-0\" class=\"widget_text so-panel widget widget_custom_html panel-first-child panel-last-child\" data-index=\"0\" ><div class=\"textwidget custom-html-widget\"><br><br><h1 style=\"margin-bottom: -10px;\"><span class=\"name_dec_single\" style=\"margin-bottom: 0px; padding-bottom: 0px;\">Explorer l'hiver arctique : Votre aventure en camping-car<\/span><\/h1>\n<h2>Voici un guide de ce \u00e0 quoi vous pouvez vous attendre.<\/h2><br>\n<b>Pr\u00eat pour un road trip hivernal \u00e9pique \u00e0 travers l'Arctique ? Imaginez-vous en train de rouler sur des routes enneig\u00e9es, avec des aurores bor\u00e9ales dansant au-dessus de vos t\u00eates et la possibilit\u00e9 d'apercevoir de majestueuses baleines le long de la c\u00f4te. Cela semble incroyable, n'est-ce pas ? Avec l'un de nos camping-cars confortables, vous pouvez transformer ce r\u00eave en r\u00e9alit\u00e9 et profiter au maximum de votre exp\u00e9dition hivernale en Norv\u00e8ge du Nord. <\/b><\/div><\/div><\/div><\/div><div id=\"pg-830-1\"  class=\"panel-grid panel-no-style\" ><div id=\"pgc-830-1-0\"  class=\"panel-grid-cell\" ><div id=\"panel-830-1-0-0\" class=\"so-panel widget widget_media_image panel-first-child\" data-index=\"1\" ><figure style=\"width: 900px\" class=\"wp-caption alignnone\"><img loading=\"lazy\" decoding=\"async\" width=\"900\" height=\"601\" src=\"https:\/\/www.norwaycampers.no\/wp-content\/uploads\/2024\/09\/camper_northern_lights.jpg\" class=\"image wp-image-853  attachment-full size-full\" alt=\"Chasse aux aurores bor\u00e9ales \u00e0 Lofoten\" style=\"max-width: 100%; height: auto;\" srcset=\"https:\/\/www.norwaycampers.no\/wp-content\/uploads\/2024\/09\/camper_northern_lights.jpg 900w, https:\/\/www.norwaycampers.no\/wp-content\/uploads\/2024\/09\/camper_northern_lights-300x200.jpg 300w, https:\/\/www.norwaycampers.no\/wp-content\/uploads\/2024\/09\/camper_northern_lights-768x513.jpg 768w, https:\/\/www.norwaycampers.no\/wp-content\/uploads\/2024\/09\/camper_northern_lights-272x182.jpg 272w, https:\/\/www.norwaycampers.no\/wp-content\/uploads\/2024\/09\/camper_northern_lights-720x480.jpg 720w\" sizes=\"auto, (max-width: 900px) 100vw, 900px\" \/><figcaption class=\"wp-caption-text\">Chasse aux aurores bor\u00e9ales \u00e0 Lofoten<\/figcaption><\/figure><\/div><div id=\"panel-830-1-0-1\" class=\"widget_text so-panel widget widget_custom_html\" data-index=\"2\" ><div class=\"textwidget custom-html-widget\"><h2><span class=\"name_dec_single\" style=\"margin-bottom: 0px; padding-bottom: 0px;\"> Aventures hivernales en Arctique<\/span><\/h2>\n<b><i class=\"fa-sharp fa-solid fa-roller-coaster\"><\/i> Chasse aux aurores bor\u00e9ales<\/b><br>\nSi vous vous rendez dans le nord en hiver, l'une des premi\u00e8res choses que vous voudrez faire sera d'apercevoir les aurores bor\u00e9ales. Heureusement, le nord de la Norv\u00e8ge est l'un des meilleurs endroits au monde pour les observer. Prenez une boisson chaude, garez votre v\u00e9hicule dans un endroit tranquille et levez les yeux : vous pourriez bien apercevoir ces lumi\u00e8res magiques vertes et violettes qui dansent dans le ciel. Troms\u00f8, Alta ou les \u00eeles Lofoten sont des endroits parfaits pour la chasse aux aurores.<br><br>\n\n<b><i class=\"fa-solid fa-whale\"><\/i> Observation des baleines \u00e0 Skjerv\u00f8y<\/b><br>\nSi vous aimez la vie sauvage, Skjerv\u00f8y est l'endroit id\u00e9al. De novembre \u00e0 janvier, vous pouvez voir de pr\u00e8s des orques et des baleines \u00e0 bosse qui viennent se r\u00e9galer de harengs. Emmitouflez-vous, montez \u00e0 bord d'un bateau et pr\u00e9parez-vous \u00e0 voir des baleines. Et apr\u00e8s une journ\u00e9e sur l'eau, votre chaleureux van sera le lieu de retraite id\u00e9al.<br><br>\n\n<b><i class=\"fa-solid fa-moon-cloud\"><\/i> Les vibrations de la nuit polaire dans les \u00eeles Lofoten<\/b><br>\nAvez-vous d\u00e9j\u00e0 connu la nuit polaire ? Dans des endroits comme les \u00eeles Lofoten, le soleil ne se l\u00e8ve pas pendant deux mois en hiver. Mais au lieu de l'obscurit\u00e9 totale, vous obtenez cette lumi\u00e8re bleue et violette surr\u00e9aliste pendant la journ\u00e9e qui est tout \u00e0 fait digne d'Instagram. L'endroit semble tout droit sorti d'une carte postale hivernale, avec ses montagnes d\u00e9chiquet\u00e9es, ses fjords calmes et ses petits villages de p\u00eacheurs douillets diss\u00e9min\u00e9s un peu partout.<br><br>\n\n<b><i class=\"fa-solid fa-person-skiing-nordic\"><\/i> Raquettes et ski<\/b><br>\nL'hiver dans l'Arctique est id\u00e9al pour faire des raquettes et du ski. Explorez les paysages vierges \u00e0 votre rythme, que vous pr\u00e9f\u00e9riez une randonn\u00e9e tranquille en raquettes dans la nature ou que vous vous lanciez \u00e0 l'assaut des pistes de ski. Vous pouvez louer des raquettes directement aupr\u00e8s de nous lorsque vous r\u00e9cup\u00e9rez votre camping-car, afin d'\u00eatre parfaitement pr\u00e9par\u00e9 pour une aventure en plein air.<br><br>\n\n<b><i class=\"fa-solid fa-dog\"><\/i> Tra\u00eeneau \u00e0 chiens Husky avec des mushers exp\u00e9riment\u00e9s<\/b><br>\nVivez l'exp\u00e9rience du tra\u00eeneau \u00e0 chiens avec des mushers exp\u00e9riment\u00e9s dans le nord de la Norv\u00e8ge. L'excitation est \u00e0 son comble lorsqu'une \u00e9quipe de huskies enthousiastes vous tire \u00e0 travers les magnifiques paysages de l'Arctique, une fa\u00e7on traditionnelle d'explorer la r\u00e9gion en hiver. Il s'agit d'une activit\u00e9 incontournable qui refl\u00e8te parfaitement l'esprit de l'Arctique ! Vous pouvez r\u00e9server votre promenade en tra\u00eeneau \u00e0 chiens aupr\u00e8s de notre bureau.<br><br>\n\n<h2><span class=\"name_dec_single\" style=\"margin-bottom: 0px; padding-bottom: 0px;\">La conduite hivernale en toute simplicit\u00e9<\/span><\/h2>\n\nConduire sur les routes enneig\u00e9es de l'Arctique peut sembler d\u00e9licat, mais ne vous inqui\u00e9tez pas, nous sommes l\u00e0 pour vous aider. Voici comment nous nous assurons que vous \u00eates pr\u00eat \u00e0 prendre la route.<br><br>\n\n<b><i class=\"fa-sharp fa-solid fa-tire-rugged\"><\/i>\tDes pneus \u00e0 crampons pour la tranquillit\u00e9 d'esprit<\/b><br>\n\nTous nos fourgons sont \u00e9quip\u00e9s de pneus \u00e0 crampons en hiver, ce qui vous garantit une excellente adh\u00e9rence sur les routes verglac\u00e9es. Que vous conduisiez le long de la c\u00f4te ou que vous franchissiez des cols de montagne, ces pneus vous donneront la traction dont vous avez besoin pour vous sentir en confiance sur les surfaces enneig\u00e9es ou glissantes. Les routes verglac\u00e9es n'ont rien \u00e0 envier \u00e0 la stabilit\u00e9 suppl\u00e9mentaire apport\u00e9e par les crampons, ce qui rend votre conduite dans l'Arctique plus s\u00fbre et plus facile \u00e0 g\u00e9rer.<br><br>\n\n<b><i class=\"fa-solid fa-truck-plow\"><\/i>\tRoutes bien entretenues<\/b><br>\n\nIl convient de garder \u00e0 l'esprit que les routes norv\u00e9giennes sont remarquablement bien entretenues, m\u00eame en hiver. Les chasse-neige sont pr\u00e9sents 24 heures sur 24, 7 jours sur 7, et veillent \u00e0 ce que les routes principales soient d\u00e9gag\u00e9es et faciles \u00e0 emprunter. Gr\u00e2ce \u00e0 cet entretien r\u00e9gulier, vous pouvez vous attendre \u00e0 des conditions de conduite fluides la plupart du temps, m\u00eame lorsque la neige s'accumule. Ainsi, m\u00eame si la conduite en hiver peut sembler intimidante, l'excellent entretien des routes du pays vous permet de vous concentrer sur l'appr\u00e9ciation du paysage.<br><br>\n\n<b><i class=\"fa-solid fa-comment-smile\"><\/i>\tConseils de conduite hivernale des professionnels<\/b><br>\n\nAvant que vous ne preniez la route, notre \u00e9quipe vous expliquera comment faire face aux conditions de conduite hivernales. Vous obtiendrez des conseils utiles sur la navigation sur les routes verglac\u00e9es, la conduite en cas de temp\u00eate de neige et ce qu'il faut faire si le temps se g\u00e2te. Notre objectif est de faire en sorte que vous vous sentiez en confiance et en s\u00e9curit\u00e9 au volant, quelles que soient les conditions.<br><br>\n\n<b><i class=\"fa-solid fa-truck-monster\"><\/i>\tS\u00e9curit\u00e9 accrue avec le Grand Camper 4WD<\/b><br>\n\nPour ceux qui recherchent encore plus de contr\u00f4le et de stabilit\u00e9, le Grand Camper 4WD est votre choix. Gr\u00e2ce \u00e0 la transmission int\u00e9grale (AWD), ce camping-car vous offre une plus grande tranquillit\u00e9 d'esprit, en particulier sur les routes escarp\u00e9es ou accident\u00e9es. Que vous conduisiez dans des conditions difficiles ou que vous souhaitiez simplement b\u00e9n\u00e9ficier d'une s\u00e9curit\u00e9 suppl\u00e9mentaire, la transmission int\u00e9grale du Grand Camper vous couvre.\nPr\u00e9parez-vous aux plaisirs de l'hiver<br><br>\n<\/div><\/div><div id=\"panel-830-1-0-2\" class=\"so-panel widget widget_media_image\" data-index=\"3\" ><figure style=\"width: 900px\" class=\"wp-caption alignnone\"><img loading=\"lazy\" decoding=\"async\" width=\"900\" height=\"601\" src=\"https:\/\/www.norwaycampers.no\/wp-content\/uploads\/2024\/09\/norway-winter-road-conditions.jpg\" class=\"image wp-image-867  attachment-full size-full\" alt=\"Conditions routi\u00e8res hivernales en Norv\u00e8ge\" style=\"max-width: 100%; height: auto;\" srcset=\"https:\/\/www.norwaycampers.no\/wp-content\/uploads\/2024\/09\/norway-winter-road-conditions.jpg 900w, https:\/\/www.norwaycampers.no\/wp-content\/uploads\/2024\/09\/norway-winter-road-conditions-300x200.jpg 300w, https:\/\/www.norwaycampers.no\/wp-content\/uploads\/2024\/09\/norway-winter-road-conditions-768x513.jpg 768w, https:\/\/www.norwaycampers.no\/wp-content\/uploads\/2024\/09\/norway-winter-road-conditions-272x182.jpg 272w, https:\/\/www.norwaycampers.no\/wp-content\/uploads\/2024\/09\/norway-winter-road-conditions-720x480.jpg 720w\" sizes=\"auto, (max-width: 900px) 100vw, 900px\" \/><figcaption class=\"wp-caption-text\">Conduite sur une petite route de l'\u00eele de Senja en hiver.<\/figcaption><\/figure><\/div><div id=\"panel-830-1-0-3\" class=\"widget_text so-panel widget widget_custom_html panel-last-child\" data-index=\"4\" ><div class=\"textwidget custom-html-widget\"><h2><span class=\"name_dec_single\" style=\"margin-bottom: 0px; padding-bottom: 0px;\">Liens utiles pour un voyage en hiver<\/span><\/h2>\n<ul>\n  <li><i class=\"fa-solid fa-road\"><\/i> <a href=\"https:\/\/www.vegvesen.no\/trafikk\/kart#\/?lat=69.65455&lng=18.96366&zoom=11&layer=fer,tra,ctv,tfl\" target=\"_blank\">\u00c9tat des routes par l'Office national des routes<\/a><\/li><br>\n  <li><i class=\"fa-solid fa-cloud-sun\"><\/i> <a href=\"https:\/\/www.yr.no\/nb\/v%C3%A6rvarsel\/daglig-tabell\/1-305409\/Norge\/Troms\/Troms%C3%B8\/Troms%C3%B8\" target=\"_blank\">Pr\u00e9visions m\u00e9t\u00e9orologiques de l'Institut m\u00e9trologique<\/a><\/li><br>\n  <li><i class=\"fa-solid fa-mountain\"><\/i> <a href=\"https:\/\/www.varsom.no\/en\/avalanches\/avalanche-warnings\/\" target=\"_blank\">Site web sur le danger d'avalanche<\/a><\/li><br>\n  <li><i class=\"fa-solid fa-star\"><\/i> <a href=\"https:\/\/www.norway-lights.com\/\" target=\"_blank\">Pr\u00e9vision des aurores bor\u00e9ales<\/a><\/li><br>\n  <li><i class=\"fa-solid fa-campground\"><\/i> <a href=\"https:\/\/www.norcamp.de\/en\/camping.map.0.html\" target=\"_blank\">Camping en Norv\u00e8ge<\/a><\/li><br>\n<\/ul><\/div><\/div><\/div><div id=\"pgc-830-1-1\"  class=\"panel-grid-cell\" ><div id=\"panel-830-1-1-0\" class=\"widget_text so-panel widget widget_custom_html panel-first-child\" data-index=\"5\" ><div class=\"textwidget custom-html-widget\"><h2><span class=\"name_dec_single\" style=\"margin-bottom: 0px; padding-bottom: 0px;\">Voyage en camping-car pendant l'hiver arctique<\/span><\/h2>\nCamper dans l'Arctique pendant l'hiver peut sembler difficile, mais avec la bonne installation, cela peut \u00eatre une exp\u00e9rience incroyable. Nos fourgons (\u00e0 l'exception du camping-car de base) sont con\u00e7us pour affronter les conditions froides, et nombre de nos anciens clients sont revenus de leur voyage absolument ravis. Voici ce qui rend un s\u00e9jour dans l'un de nos camping-cars pendant l'hiver arctique non seulement faisable, mais aussi agr\u00e9able :<br><br>\n<b><i class=\"fa-solid fa-fire\"><\/i> Chauffage de parking \u00e0 combustible<\/b><br>\nLa chose la plus importante lors d'un voyage en hiver arctique est de rester au chaud. C'est pourquoi tous nos fourgons (\u00e0 l'exception du camping-car de base) sont \u00e9quip\u00e9s d'un chauffage de stationnement Webasto \u00e0 carburant. Ce chauffage fonctionne toute la nuit, m\u00eame lorsque le moteur est \u00e9teint, et maintient le compartiment de couchage \u00e0 une temp\u00e9rature toujours agr\u00e9able, comme vous l'aimez.<br><br>\n\n<b><i class=\"fa-solid fa-battery-full\"><\/i> Piles suppl\u00e9mentaires<\/b><br>\nNos fourgons sont \u00e9quip\u00e9s de batteries suppl\u00e9mentaires (\u00e0 l'exception du camping-car de base) qui sont charg\u00e9es pendant que vous conduisez. Ces batteries alimentent le r\u00e9frig\u00e9rateur, les prises USB pour recharger vos appareils, les lumi\u00e8res et la ventilation du chauffage de stationnement. Vous aurez tout ce qu'il vous faut pour rester aliment\u00e9 en \u00e9nergie tout en profitant de la nature sauvage de l'Arctique.<br><br>\n\n<b><i class=\"fa-solid fa-car-side\"><\/i> Camping-cars compacts<\/b><br>\nNos camping-cars sont beaucoup plus compacts que les grands v\u00e9hicules r\u00e9cr\u00e9atifs, ce qui vous donne un grand avantage pendant l'hiver. Il y a moins d'espace \u00e0 chauffer et il est beaucoup plus facile de trouver une place de parking pour la nuit. De plus, les v\u00e9hicules plus petits se comportent mieux sur les routes glac\u00e9es et enneig\u00e9es, ce qui vous donne plus d'assurance lorsque vous traversez le paysage arctique.<br><br>\n\n<b><i class=\"fa-solid fa-water\"><\/i> Approvisionnement en eau<\/b><br>\nAu lieu d'un syst\u00e8me d'eau int\u00e9gr\u00e9, nos fourgons sont \u00e9quip\u00e9s de bidons d'eau de 5 ou 10 litres, qui sont stock\u00e9s \u00e0 proximit\u00e9 du chauffage ou peuvent \u00eatre plac\u00e9s \u00e0 l'avant pour \u00e9viter le gel pendant la journ\u00e9e. Ce syst\u00e8me est simple et pratique. Il facilite la gestion de l'eau dans l'environnement arctique, et nous avons constat\u00e9 qu'il fonctionnait tr\u00e8s bien.<br><br>\n\n<b><i class=\"fa-solid fa-shower\"><\/i> Toilettes et douches<\/b><br>\nBien que nos camionnettes ne soient pas \u00e9quip\u00e9es de toilettes ou de douches int\u00e9gr\u00e9es, vous trouverez de nombreuses stations-service le long de la route qui proposent ces deux services. Le nord de la Norv\u00e8ge compte \u00e9galement de nombreuses toilettes publiques dans les zones touristiques, et la plupart des grands campings sont ouverts toute l'ann\u00e9e et proposent des douches et d'autres services.<br><br><\/div><\/div><div id=\"panel-830-1-1-1\" class=\"so-panel widget widget_media_image\" data-index=\"6\" ><figure style=\"width: 900px\" class=\"wp-caption alignnone\"><img loading=\"lazy\" decoding=\"async\" width=\"900\" height=\"600\" src=\"https:\/\/www.norwaycampers.no\/wp-content\/uploads\/2024\/09\/winter_camping_norway.jpg\" class=\"image wp-image-849  attachment-full size-full\" alt=\"Camping d&#039;hiver dans le nord de la Norv\u00e8ge\" style=\"max-width: 100%; height: auto;\" srcset=\"https:\/\/www.norwaycampers.no\/wp-content\/uploads\/2024\/09\/winter_camping_norway.jpg 900w, https:\/\/www.norwaycampers.no\/wp-content\/uploads\/2024\/09\/winter_camping_norway-300x200.jpg 300w, https:\/\/www.norwaycampers.no\/wp-content\/uploads\/2024\/09\/winter_camping_norway-768x512.jpg 768w, https:\/\/www.norwaycampers.no\/wp-content\/uploads\/2024\/09\/winter_camping_norway-272x182.jpg 272w, https:\/\/www.norwaycampers.no\/wp-content\/uploads\/2024\/09\/winter_camping_norway-720x480.jpg 720w\" sizes=\"auto, (max-width: 900px) 100vw, 900px\" \/><figcaption class=\"wp-caption-text\">Camper sur la plage la plus impressionnante de Senja - Ersfjordstranda<\/figcaption><\/figure><\/div><div id=\"panel-830-1-1-2\" class=\"widget_text so-panel widget widget_custom_html\" data-index=\"7\" ><div class=\"textwidget custom-html-widget\"><h2><span class=\"name_dec_single\" style=\"margin-bottom: 0px; padding-bottom: 0px;\">Faits pour un voyage en hiver arctique<\/span><\/h2>\n<b><i class=\"fa-solid fa-location-dot\"><\/i> Meilleur endroit pour commencer votre voyage<\/b><br>\nTroms\u00f8 est le point de d\u00e9part id\u00e9al pour une aventure hivernale dans le nord de la Norv\u00e8ge. Cette ville arctique dynamique offre un acc\u00e8s facile \u00e0 certaines des exp\u00e9riences les plus \u00e9poustouflantes que la r\u00e9gion a \u00e0 offrir. Troms\u00f8 poss\u00e8de le plus grand a\u00e9roport international du nord de la Norv\u00e8ge.<br><br>\n\n<b><i class=\"fa-solid fa-temperature-half\"><\/i> Temp\u00e9ratures normales \u00e0 attendre<\/b><br>\nLes temp\u00e9ratures varient de +5\u00b0C \u00e0 -15\u00b0C le long des fjords et de la mer, ce qui est id\u00e9al pour les activit\u00e9s de plein air avec un \u00e9quipement ad\u00e9quat.<br><br>\n\n<b><i class=\"fa-solid fa-temperature-low\"><\/i> Temp\u00e9ratures extr\u00eames<\/b><br>\nDans certaines r\u00e9gions int\u00e9rieures comme la Finlande et Kautokeino, les temp\u00e9ratures peuvent descendre jusqu'\u00e0 -35\u00b0C. N'oubliez pas de vous munir de plusieurs couches de v\u00eatements si vous vous rendez dans cette r\u00e9gion !<br><br>\n\n<b><i class=\"fa-solid fa-cloud-moon\"><\/i> Nuit polaire \u00e0 Troms\u00f8<\/b><br>\nLa nuit polaire commence le 27 novembre et dure jusqu'au 15 janvier. Bien qu'il n'y ait pas de lumi\u00e8re directe du soleil, vous d\u00e9couvrirez de magnifiques cr\u00e9puscules pendant la journ\u00e9e.<br><br>\n\n<b><i class=\"fa-solid fa-calendar-alt\"><\/i> Vue d'ensemble mois par mois<\/b><br>\n<ul>\n  <li><b>novembre :<\/b> Disparition progressive de la lumi\u00e8re du jour avec de longs levers et couchers de soleil, peignant le ciel de couleurs \u00e9tonnantes.<\/li>\n  <li><b>D\u00e9cembre et janvier :<\/b> Nuit polaire compl\u00e8te dans des villes comme Troms\u00f8, sans soleil mais avec un cr\u00e9puscule magique qui illumine le paysage arctique.<\/li>\n  <li><b>F\u00e9vrier :<\/b> La lumi\u00e8re du jour commence \u00e0 revenir, avec des levers et des couchers de soleil prolong\u00e9s qui illuminent les montagnes enneig\u00e9es.<\/li>\n  <li><b>Mars :<\/b> Augmentation significative des heures de clart\u00e9, conduisant \u00e0 des journ\u00e9es compl\u00e8tes \u00e0 la fin du mois, facilitant l'exploration de l'Arctique tout au long de la journ\u00e9e.<\/li>\n<\/ul><br>\n\n<b><i class=\"fa-solid fa-star\"><\/i> Observation des aurores bor\u00e9ales<\/b><br>\nLes meilleures chances de voir une aurore bor\u00e9ale sont celles des nuits claires o\u00f9 les aurores sont actives. Troms\u00f8 et ses environs sont des lieux privil\u00e9gi\u00e9s pour observer cette merveille naturelle.<br><br>\n\n<b><i class=\"fa-solid fa-road\"><\/i> Routes propres<\/b><br>\nSoyez assur\u00e9 que les routes norv\u00e9giennes sont d\u00e9blay\u00e9es 24 heures sur 24 et 7 jours sur 7. Vous pouvez donc vous rendre en toute s\u00e9curit\u00e9 \u00e0 votre destination sans vous soucier de la neige qui vous bloque le passage. La conduite hivernale est donc beaucoup plus facile et plus fiable dans le nord de la Norv\u00e8ge.<br><br>\n<\/div><\/div><div id=\"panel-830-1-1-3\" class=\"so-panel widget widget_media_image\" data-index=\"8\" ><figure style=\"width: 900px\" class=\"wp-caption alignnone\"><img loading=\"lazy\" decoding=\"async\" width=\"900\" height=\"601\" src=\"https:\/\/www.norwaycampers.no\/wp-content\/uploads\/2024\/09\/polar-night-norway.jpg\" class=\"image wp-image-882  attachment-full size-full\" alt=\"Nuit polaire \u00e0 Senja en Norv\u00e8ge du Nord\" style=\"max-width: 100%; height: auto;\" srcset=\"https:\/\/www.norwaycampers.no\/wp-content\/uploads\/2024\/09\/polar-night-norway.jpg 900w, https:\/\/www.norwaycampers.no\/wp-content\/uploads\/2024\/09\/polar-night-norway-300x200.jpg 300w, https:\/\/www.norwaycampers.no\/wp-content\/uploads\/2024\/09\/polar-night-norway-768x513.jpg 768w, https:\/\/www.norwaycampers.no\/wp-content\/uploads\/2024\/09\/polar-night-norway-272x182.jpg 272w, https:\/\/www.norwaycampers.no\/wp-content\/uploads\/2024\/09\/polar-night-norway-720x480.jpg 720w\" sizes=\"auto, (max-width: 900px) 100vw, 900px\" \/><figcaption class=\"wp-caption-text\">Cr\u00e9puscule typique de la nuit polaire dans le nord de la Norv\u00e8ge<\/figcaption><\/figure><\/div><div id=\"panel-830-1-1-4\" class=\"widget_text so-panel widget widget_custom_html\" data-index=\"9\" ><div class=\"textwidget custom-html-widget\"><h2><span class=\"name_dec_single\" style=\"margin-bottom: 0px; padding-bottom: 0px;\">Votre voyage d'une vie<\/span><\/h2>\n\n\n\nPrendre l'un de nos camping-cars pour traverser le nord de la Norv\u00e8ge en hiver est le moyen id\u00e9al de d\u00e9couvrir l'Arctique \u00e0 votre propre rythme. De la chasse aux aurores bor\u00e9ales \u00e0 l'observation des baleines en passant par l'observation de la nuit polaire, vous disposerez de toute la flexibilit\u00e9 n\u00e9cessaire pour explorer. Avec des pneus \u00e0 crampons, des chauffages chauds et de nombreux conseils de conduite utiles, les routes de l'Arctique sont \u00e0 d\u00e9couvrir.<br><br>\n\nPr\u00eat \u00e0 prendre la route ? R\u00e9servez votre camping-car d'hiver d\u00e8s maintenant et commencez votre aventure arctique d\u00e8s aujourd'hui !\n\n<br><\/div><\/div><div id=\"panel-830-1-1-5\" class=\"so-panel widget widget_sow-button\" data-index=\"10\" ><div\n\t\t\t\n\t\t\tclass=\"so-widget-sow-button so-widget-sow-button-flat-4c906c932ead-830\"\n\t\t\t\n\t\t><div class=\"ow-button-base ow-button-align-left\"\n>\n\t\t\t<a\n\t\t\t\t\thref=\"https:\/\/www.norwaycampers.no\/booking\/\"\n\t\t\t\t\tclass=\"sowb-button ow-icon-placement-left ow-button-hover\" \t>\n\t\t<span>\n\t\t\t<span class=\"sow-icon-fontawesome sow-fas\" data-sow-icon=\"&#xf07a;\"\n\t\tstyle=\"color: #f1efdb\" \n\t\taria-hidden=\"true\"><\/span>\n\t\t\tR\u00c9SERVEZ MAINTENANT !\t\t<\/span>\n\t\t\t<\/a>\n\t<\/div>\n<\/div><\/div><div id=\"panel-830-1-1-6\" class=\"widget_text so-panel widget widget_custom_html panel-last-child\" data-index=\"11\" ><div class=\"textwidget custom-html-widget\"><br><br><br><\/div><\/div><\/div><\/div><\/div>","protected":false},"excerpt":{"rendered":"<p>Explorer l'hiver arctique : Votre aventure en camping-car Voici un guide de ce \u00e0 quoi vous pouvez vous attendre. Pr\u00eat pour un road trip hivernal \u00e9pique \u00e0 travers l'Arctique ? Imaginez-vous roulant sur des routes enneig\u00e9es, avec les aurores bor\u00e9ales qui dansent au-dessus de votre t\u00eate et\u2026 <a class=\"kt-excerpt-readmore more-link\" href=\"https:\/\/www.norwaycampers.no\/fr\/larctique-en-camping-car\/\" aria-label=\"L&#039;Arctique en camping-car\">Lire la suite<\/a><\/p>","protected":false},"author":3,"featured_media":0,"parent":0,"menu_order":0,"comment_status":"closed","ping_status":"closed","template":"","meta":{"inline_featured_image":false,"footnotes":""},"class_list":["post-830","page","type-page","status-publish","hentry"],"aioseo_notices":[],"_links":{"self":[{"href":"https:\/\/www.norwaycampers.no\/fr\/wp-json\/wp\/v2\/pages\/830","targetHints":{"allow":["GET"]}}],"collection":[{"href":"https:\/\/www.norwaycampers.no\/fr\/wp-json\/wp\/v2\/pages"}],"about":[{"href":"https:\/\/www.norwaycampers.no\/fr\/wp-json\/wp\/v2\/types\/page"}],"author":[{"embeddable":true,"href":"https:\/\/www.norwaycampers.no\/fr\/wp-json\/wp\/v2\/users\/3"}],"replies":[{"embeddable":true,"href":"https:\/\/www.norwaycampers.no\/fr\/wp-json\/wp\/v2\/comments?post=830"}],"version-history":[{"count":54,"href":"https:\/\/www.norwaycampers.no\/fr\/wp-json\/wp\/v2\/pages\/830\/revisions"}],"predecessor-version":[{"id":891,"href":"https:\/\/www.norwaycampers.no\/fr\/wp-json\/wp\/v2\/pages\/830\/revisions\/891"}],"wp:attachment":[{"href":"https:\/\/www.norwaycampers.no\/fr\/wp-json\/wp\/v2\/media?parent=830"}],"curies":[{"name":"wp","href":"https:\/\/api.w.org\/{rel}","templated":true}]}}